{"id":119,"date":"2018-10-03T19:56:33","date_gmt":"2018-10-03T19:56:33","guid":{"rendered":"http:\/\/kerstinglathe.de\/?page_id=119"},"modified":"2021-03-27T19:49:01","modified_gmt":"2021-03-27T19:49:01","slug":"nachbarschaftsinitiative-nordstrasse","status":"publish","type":"page","link":"https:\/\/kerstinglathe.de\/?page_id=119","title":{"rendered":"Nachbarschaftsinitiative Nordstra\u00dfe"},"content":{"rendered":"<p>Seit 2010 haben wir Nachbarn uns zuerst in der Nordstra\u00dfe und dann im ganzen Viertel zusammen geschlossen, um unser Quartier noch sch\u00f6ner zu machen als es eh schon ist und eine starke Gemeinschaft gegr\u00fcndet.<\/p>\n<p>Auf dem Karl-Marx-Platz haben wir hunderte von Blumenzwiebeln eingepflanzt.<\/p>\n<div id='gallery-1' class='gallery galleryid-119 gallery-columns-3 gallery-size-thumbnail'><figure class='gallery-item'>\n\t\t\t<div class='gallery-icon landscape'>\n\t\t\t\t<a href='https:\/\/kerstinglathe.de\/?attachment_id=136'><img loading=\"lazy\" decoding=\"async\" width=\"150\" height=\"150\" src=\"https:\/\/kerstinglathe.de\/wp-content\/uploads\/2018\/10\/IMG_2954-150x150.jpg\" class=\"attachment-thumbnail size-thumbnail\" alt=\"\" aria-describedby=\"gallery-1-136\" srcset=\"https:\/\/kerstinglathe.de\/wp-content\/uploads\/2018\/10\/IMG_2954-150x150.jpg 150w, https:\/\/kerstinglathe.de\/wp-content\/uploads\/2018\/10\/IMG_2954-100x100.jpg 100w\" sizes=\"auto, 100vw\" \/><\/a>\n\t\t\t<\/div>\n\t\t\t\t<figcaption class='wp-caption-text gallery-caption' id='gallery-1-136'>\n\t\t\t\tBlumenzwiebeln\n\t\t\t\t<\/figcaption><\/figure><figure class='gallery-item'>\n\t\t\t<div class='gallery-icon landscape'>\n\t\t\t\t<a href='https:\/\/kerstinglathe.de\/?attachment_id=135'><img loading=\"lazy\" decoding=\"async\" width=\"150\" height=\"150\" src=\"https:\/\/kerstinglathe.de\/wp-content\/uploads\/2018\/10\/IMG_2952-150x150.jpg\" class=\"attachment-thumbnail size-thumbnail\" alt=\"\" aria-describedby=\"gallery-1-135\" srcset=\"https:\/\/kerstinglathe.de\/wp-content\/uploads\/2018\/10\/IMG_2952-150x150.jpg 150w, https:\/\/kerstinglathe.de\/wp-content\/uploads\/2018\/10\/IMG_2952-100x100.jpg 100w\" sizes=\"auto, 100vw\" \/><\/a>\n\t\t\t<\/div>\n\t\t\t\t<figcaption class='wp-caption-text gallery-caption' id='gallery-1-135'>\n\t\t\t\tZwiebeln eingraben\n\t\t\t\t<\/figcaption><\/figure><figure class='gallery-item'>\n\t\t\t<div class='gallery-icon landscape'>\n\t\t\t\t<a href='https:\/\/kerstinglathe.de\/?attachment_id=134'><img loading=\"lazy\" decoding=\"async\" width=\"150\" height=\"150\" src=\"https:\/\/kerstinglathe.de\/wp-content\/uploads\/2018\/10\/IMG_2951-150x150.jpg\" class=\"attachment-thumbnail size-thumbnail\" alt=\"\" aria-describedby=\"gallery-1-134\" srcset=\"https:\/\/kerstinglathe.de\/wp-content\/uploads\/2018\/10\/IMG_2951-150x150.jpg 150w, https:\/\/kerstinglathe.de\/wp-content\/uploads\/2018\/10\/IMG_2951-100x100.jpg 100w\" sizes=\"auto, 100vw\" \/><\/a>\n\t\t\t<\/div>\n\t\t\t\t<figcaption class='wp-caption-text gallery-caption' id='gallery-1-134'>\n\t\t\t\tFreude an Zwiebeln\n\t\t\t\t<\/figcaption><\/figure><figure class='gallery-item'>\n\t\t\t<div class='gallery-icon portrait'>\n\t\t\t\t<a href='https:\/\/kerstinglathe.de\/?attachment_id=133'><img loading=\"lazy\" decoding=\"async\" width=\"150\" height=\"150\" src=\"https:\/\/kerstinglathe.de\/wp-content\/uploads\/2018\/10\/IMG_2946-150x150.jpg\" class=\"attachment-thumbnail size-thumbnail\" alt=\"\" aria-describedby=\"gallery-1-133\" srcset=\"https:\/\/kerstinglathe.de\/wp-content\/uploads\/2018\/10\/IMG_2946-150x150.jpg 150w, https:\/\/kerstinglathe.de\/wp-content\/uploads\/2018\/10\/IMG_2946-1200x1200.jpg 1200w, https:\/\/kerstinglathe.de\/wp-content\/uploads\/2018\/10\/IMG_2946-100x100.jpg 100w\" sizes=\"auto, 100vw\" \/><\/a>\n\t\t\t<\/div>\n\t\t\t\t<figcaption class='wp-caption-text gallery-caption' id='gallery-1-133'>\n\t\t\t\tVerschnaufpause\n\t\t\t\t<\/figcaption><\/figure>\n\t\t<\/div>\n\n<p>\u00a0<\/p>\n<p>In der Weihnachtszeit schm\u00fccken wir unsere Stra\u00dfen mit Weihnachtsb\u00e4umen.<\/p>\n<div id='gallery-2' class='gallery galleryid-119 gallery-columns-3 gallery-size-thumbnail'><figure class='gallery-item'>\n\t\t\t<div class='gallery-icon landscape'>\n\t\t\t\t<a href='https:\/\/kerstinglathe.de\/?attachment_id=129'><img loading=\"lazy\" decoding=\"async\" width=\"150\" height=\"150\" src=\"https:\/\/kerstinglathe.de\/wp-content\/uploads\/2018\/10\/B135233B-9C56-4F96-AD1B-2C5765FFDCFA-150x150.jpg\" class=\"attachment-thumbnail size-thumbnail\" alt=\"\" aria-describedby=\"gallery-2-129\" srcset=\"https:\/\/kerstinglathe.de\/wp-content\/uploads\/2018\/10\/B135233B-9C56-4F96-AD1B-2C5765FFDCFA-150x150.jpg 150w, https:\/\/kerstinglathe.de\/wp-content\/uploads\/2018\/10\/B135233B-9C56-4F96-AD1B-2C5765FFDCFA-100x100.jpg 100w\" sizes=\"auto, 100vw\" \/><\/a>\n\t\t\t<\/div>\n\t\t\t\t<figcaption class='wp-caption-text gallery-caption' id='gallery-2-129'>\n\t\t\t\tWeihnachtsschmuck\n\t\t\t\t<\/figcaption><\/figure><figure class='gallery-item'>\n\t\t\t<div class='gallery-icon landscape'>\n\t\t\t\t<a href='https:\/\/kerstinglathe.de\/?attachment_id=128'><img loading=\"lazy\" decoding=\"async\" width=\"150\" height=\"150\" src=\"https:\/\/kerstinglathe.de\/wp-content\/uploads\/2018\/10\/AE01989E-F457-4243-908A-D7DF10040F53-150x150.jpg\" class=\"attachment-thumbnail size-thumbnail\" alt=\"\" aria-describedby=\"gallery-2-128\" srcset=\"https:\/\/kerstinglathe.de\/wp-content\/uploads\/2018\/10\/AE01989E-F457-4243-908A-D7DF10040F53-150x150.jpg 150w, https:\/\/kerstinglathe.de\/wp-content\/uploads\/2018\/10\/AE01989E-F457-4243-908A-D7DF10040F53-100x100.jpg 100w\" sizes=\"auto, 100vw\" \/><\/a>\n\t\t\t<\/div>\n\t\t\t\t<figcaption class='wp-caption-text gallery-caption' id='gallery-2-128'>\n\t\t\t\tSpa\u00df beim Arbeiten\n\t\t\t\t<\/figcaption><\/figure><figure class='gallery-item'>\n\t\t\t<div class='gallery-icon portrait'>\n\t\t\t\t<a href='https:\/\/kerstinglathe.de\/?attachment_id=126'><img loading=\"lazy\" decoding=\"async\" width=\"150\" height=\"150\" src=\"https:\/\/kerstinglathe.de\/wp-content\/uploads\/2018\/10\/84372A1B-4D7F-40EE-A87B-E3DAB0B053E1-150x150.jpg\" class=\"attachment-thumbnail size-thumbnail\" alt=\"\" aria-describedby=\"gallery-2-126\" srcset=\"https:\/\/kerstinglathe.de\/wp-content\/uploads\/2018\/10\/84372A1B-4D7F-40EE-A87B-E3DAB0B053E1-150x150.jpg 150w, https:\/\/kerstinglathe.de\/wp-content\/uploads\/2018\/10\/84372A1B-4D7F-40EE-A87B-E3DAB0B053E1-100x100.jpg 100w\" sizes=\"auto, 100vw\" \/><\/a>\n\t\t\t<\/div>\n\t\t\t\t<figcaption class='wp-caption-text gallery-caption' id='gallery-2-126'>\n\t\t\t\tDer Baum steht\n\t\t\t\t<\/figcaption><\/figure><figure class='gallery-item'>\n\t\t\t<div class='gallery-icon portrait'>\n\t\t\t\t<a href='https:\/\/kerstinglathe.de\/?attachment_id=121'><img loading=\"lazy\" decoding=\"async\" width=\"150\" height=\"150\" src=\"https:\/\/kerstinglathe.de\/wp-content\/uploads\/2018\/10\/5AB254CA-45AE-4428-A3F4-68003F074016-150x150.jpg\" class=\"attachment-thumbnail size-thumbnail\" alt=\"\" aria-describedby=\"gallery-2-121\" srcset=\"https:\/\/kerstinglathe.de\/wp-content\/uploads\/2018\/10\/5AB254CA-45AE-4428-A3F4-68003F074016-150x150.jpg 150w, https:\/\/kerstinglathe.de\/wp-content\/uploads\/2018\/10\/5AB254CA-45AE-4428-A3F4-68003F074016-100x100.jpg 100w\" sizes=\"auto, 100vw\" \/><\/a>\n\t\t\t<\/div>\n\t\t\t\t<figcaption class='wp-caption-text gallery-caption' id='gallery-2-121'>\n\t\t\t\tM\u00e4dchenbande nach der Arbeit\n\t\t\t\t<\/figcaption><\/figure>\n\t\t<\/div>\n\n<p>In den Sommern 2015 und 2016 \u00f6ffneten die Nachbarn ihre wundersch\u00f6nen G\u00e4rten f\u00fcr die Nachbarn um sich gegenseitig zu inspirieren.<\/p>\n<div id='gallery-3' class='gallery galleryid-119 gallery-columns-3 gallery-size-thumbnail'><figure class='gallery-item'>\n\t\t\t<div class='gallery-icon landscape'>\n\t\t\t\t<a href='https:\/\/kerstinglathe.de\/?attachment_id=132'><img loading=\"lazy\" decoding=\"async\" width=\"150\" height=\"150\" src=\"https:\/\/kerstinglathe.de\/wp-content\/uploads\/2018\/10\/E65EDDCF-9BEE-4EC1-B2DC-B5C62F83AE24-150x150.jpg\" class=\"attachment-thumbnail size-thumbnail\" alt=\"\" aria-describedby=\"gallery-3-132\" srcset=\"https:\/\/kerstinglathe.de\/wp-content\/uploads\/2018\/10\/E65EDDCF-9BEE-4EC1-B2DC-B5C62F83AE24-150x150.jpg 150w, https:\/\/kerstinglathe.de\/wp-content\/uploads\/2018\/10\/E65EDDCF-9BEE-4EC1-B2DC-B5C62F83AE24-100x100.jpg 100w\" sizes=\"auto, 100vw\" \/><\/a>\n\t\t\t<\/div>\n\t\t\t\t<figcaption class='wp-caption-text gallery-caption' id='gallery-3-132'>\n\t\t\t\tRosenpracht\n\t\t\t\t<\/figcaption><\/figure><figure class='gallery-item'>\n\t\t\t<div class='gallery-icon landscape'>\n\t\t\t\t<a href='https:\/\/kerstinglathe.de\/?attachment_id=131'><img loading=\"lazy\" decoding=\"async\" width=\"150\" height=\"150\" src=\"https:\/\/kerstinglathe.de\/wp-content\/uploads\/2018\/10\/D445BD6A-1C42-4CCB-9CD0-593DF1B71547-150x150.jpg\" class=\"attachment-thumbnail size-thumbnail\" alt=\"\" aria-describedby=\"gallery-3-131\" srcset=\"https:\/\/kerstinglathe.de\/wp-content\/uploads\/2018\/10\/D445BD6A-1C42-4CCB-9CD0-593DF1B71547-150x150.jpg 150w, https:\/\/kerstinglathe.de\/wp-content\/uploads\/2018\/10\/D445BD6A-1C42-4CCB-9CD0-593DF1B71547-100x100.jpg 100w\" sizes=\"auto, 100vw\" \/><\/a>\n\t\t\t<\/div>\n\t\t\t\t<figcaption class='wp-caption-text gallery-caption' id='gallery-3-131'>\n\t\t\t\tIdylle\n\t\t\t\t<\/figcaption><\/figure><figure class='gallery-item'>\n\t\t\t<div class='gallery-icon landscape'>\n\t\t\t\t<a href='https:\/\/kerstinglathe.de\/?attachment_id=130'><img loading=\"lazy\" decoding=\"async\" width=\"150\" height=\"150\" src=\"https:\/\/kerstinglathe.de\/wp-content\/uploads\/2018\/10\/CE7B895D-F7BE-4FB6-AD97-5E3CF9C7A146-150x150.jpg\" class=\"attachment-thumbnail size-thumbnail\" alt=\"\" aria-describedby=\"gallery-3-130\" srcset=\"https:\/\/kerstinglathe.de\/wp-content\/uploads\/2018\/10\/CE7B895D-F7BE-4FB6-AD97-5E3CF9C7A146-150x150.jpg 150w, https:\/\/kerstinglathe.de\/wp-content\/uploads\/2018\/10\/CE7B895D-F7BE-4FB6-AD97-5E3CF9C7A146-100x100.jpg 100w\" sizes=\"auto, 100vw\" \/><\/a>\n\t\t\t<\/div>\n\t\t\t\t<figcaption class='wp-caption-text gallery-caption' id='gallery-3-130'>\n\t\t\t\tWas kann man hier abgucken?\n\t\t\t\t<\/figcaption><\/figure><figure class='gallery-item'>\n\t\t\t<div class='gallery-icon landscape'>\n\t\t\t\t<a href='https:\/\/kerstinglathe.de\/?attachment_id=127'><img loading=\"lazy\" decoding=\"async\" width=\"150\" height=\"150\" src=\"https:\/\/kerstinglathe.de\/wp-content\/uploads\/2018\/10\/35257206-04EF-4F0A-B233-AA2603D91BF7-150x150.jpg\" class=\"attachment-thumbnail size-thumbnail\" alt=\"\" aria-describedby=\"gallery-3-127\" srcset=\"https:\/\/kerstinglathe.de\/wp-content\/uploads\/2018\/10\/35257206-04EF-4F0A-B233-AA2603D91BF7-150x150.jpg 150w, https:\/\/kerstinglathe.de\/wp-content\/uploads\/2018\/10\/35257206-04EF-4F0A-B233-AA2603D91BF7-100x100.jpg 100w\" sizes=\"auto, 100vw\" \/><\/a>\n\t\t\t<\/div>\n\t\t\t\t<figcaption class='wp-caption-text gallery-caption' id='gallery-3-127'>\n\t\t\t\tFachsimpeln\n\t\t\t\t<\/figcaption><\/figure><figure class='gallery-item'>\n\t\t\t<div class='gallery-icon landscape'>\n\t\t\t\t<a href='https:\/\/kerstinglathe.de\/?attachment_id=124'><img loading=\"lazy\" decoding=\"async\" width=\"150\" height=\"150\" src=\"https:\/\/kerstinglathe.de\/wp-content\/uploads\/2018\/10\/247E77CC-AD3C-40BA-9D69-6219232176DC-150x150.jpg\" class=\"attachment-thumbnail size-thumbnail\" alt=\"\" aria-describedby=\"gallery-3-124\" srcset=\"https:\/\/kerstinglathe.de\/wp-content\/uploads\/2018\/10\/247E77CC-AD3C-40BA-9D69-6219232176DC-150x150.jpg 150w, https:\/\/kerstinglathe.de\/wp-content\/uploads\/2018\/10\/247E77CC-AD3C-40BA-9D69-6219232176DC-100x100.jpg 100w\" sizes=\"auto, 100vw\" \/><\/a>\n\t\t\t<\/div>\n\t\t\t\t<figcaption class='wp-caption-text gallery-caption' id='gallery-3-124'>\n\t\t\t\tTon in Ton\n\t\t\t\t<\/figcaption><\/figure><figure class='gallery-item'>\n\t\t\t<div class='gallery-icon landscape'>\n\t\t\t\t<a href='https:\/\/kerstinglathe.de\/?attachment_id=122'><img loading=\"lazy\" decoding=\"async\" width=\"150\" height=\"150\" src=\"https:\/\/kerstinglathe.de\/wp-content\/uploads\/2018\/10\/8EDF5CC5-4B04-472D-86A6-DAC46537A479-150x150.jpg\" class=\"attachment-thumbnail size-thumbnail\" alt=\"\" aria-describedby=\"gallery-3-122\" srcset=\"https:\/\/kerstinglathe.de\/wp-content\/uploads\/2018\/10\/8EDF5CC5-4B04-472D-86A6-DAC46537A479-150x150.jpg 150w, https:\/\/kerstinglathe.de\/wp-content\/uploads\/2018\/10\/8EDF5CC5-4B04-472D-86A6-DAC46537A479-100x100.jpg 100w\" sizes=\"auto, 100vw\" \/><\/a>\n\t\t\t<\/div>\n\t\t\t\t<figcaption class='wp-caption-text gallery-caption' id='gallery-3-122'>\n\t\t\t\tGartenzauber\n\t\t\t\t<\/figcaption><\/figure><figure class='gallery-item'>\n\t\t\t<div class='gallery-icon landscape'>\n\t\t\t\t<a href='https:\/\/kerstinglathe.de\/?attachment_id=123'><img loading=\"lazy\" decoding=\"async\" width=\"150\" height=\"150\" src=\"https:\/\/kerstinglathe.de\/wp-content\/uploads\/2018\/10\/66B3D2C3-8F38-4202-AE00-2434DA36DE99-150x150.jpg\" class=\"attachment-thumbnail size-thumbnail\" alt=\"\" aria-describedby=\"gallery-3-123\" srcset=\"https:\/\/kerstinglathe.de\/wp-content\/uploads\/2018\/10\/66B3D2C3-8F38-4202-AE00-2434DA36DE99-150x150.jpg 150w, https:\/\/kerstinglathe.de\/wp-content\/uploads\/2018\/10\/66B3D2C3-8F38-4202-AE00-2434DA36DE99-100x100.jpg 100w\" sizes=\"auto, 100vw\" \/><\/a>\n\t\t\t<\/div>\n\t\t\t\t<figcaption class='wp-caption-text gallery-caption' id='gallery-3-123'>\n\t\t\t\tDiese Rose hei\u00dft Sylt\n\t\t\t\t<\/figcaption><\/figure>\n\t\t<\/div>\n\n<p>Im Sommer 2016 wurde unsere Boulebahn auf dem Karl-Marx-Platz er\u00f6ffnet.<\/p>\n<div id='gallery-4' class='gallery galleryid-119 gallery-columns-3 gallery-size-thumbnail'><figure class='gallery-item'>\n\t\t\t<div class='gallery-icon landscape'>\n\t\t\t\t<a href='https:\/\/kerstinglathe.de\/?attachment_id=137'><img loading=\"lazy\" decoding=\"async\" width=\"150\" height=\"150\" src=\"https:\/\/kerstinglathe.de\/wp-content\/uploads\/2018\/10\/IMG_3509-150x150.jpg\" class=\"attachment-thumbnail size-thumbnail\" alt=\"\" aria-describedby=\"gallery-4-137\" srcset=\"https:\/\/kerstinglathe.de\/wp-content\/uploads\/2018\/10\/IMG_3509-150x150.jpg 150w, https:\/\/kerstinglathe.de\/wp-content\/uploads\/2018\/10\/IMG_3509-100x100.jpg 100w\" sizes=\"auto, 100vw\" \/><\/a>\n\t\t\t<\/div>\n\t\t\t\t<figcaption class='wp-caption-text gallery-caption' id='gallery-4-137'>\n\t\t\t\tBoule\n\t\t\t\t<\/figcaption><\/figure><figure class='gallery-item'>\n\t\t\t<div class='gallery-icon landscape'>\n\t\t\t\t<a href='https:\/\/kerstinglathe.de\/?attachment_id=140'><img loading=\"lazy\" decoding=\"async\" width=\"150\" height=\"150\" src=\"https:\/\/kerstinglathe.de\/wp-content\/uploads\/2018\/10\/IMG_3512-150x150.jpg\" class=\"attachment-thumbnail size-thumbnail\" alt=\"\" aria-describedby=\"gallery-4-140\" srcset=\"https:\/\/kerstinglathe.de\/wp-content\/uploads\/2018\/10\/IMG_3512-150x150.jpg 150w, https:\/\/kerstinglathe.de\/wp-content\/uploads\/2018\/10\/IMG_3512-100x100.jpg 100w\" sizes=\"auto, 100vw\" \/><\/a>\n\t\t\t<\/div>\n\t\t\t\t<figcaption class='wp-caption-text gallery-caption' id='gallery-4-140'>\n\t\t\t\tBoulebahn\n\t\t\t\t<\/figcaption><\/figure>\n\t\t<\/div>\n\n<p>Die WABE hatte dazu alles wunderbar vorbereitet und f\u00fcr das leibliche Wohl gesorgt.<\/p>\n<div id='gallery-5' class='gallery galleryid-119 gallery-columns-3 gallery-size-thumbnail'><figure class='gallery-item'>\n\t\t\t<div class='gallery-icon landscape'>\n\t\t\t\t<a href='https:\/\/kerstinglathe.de\/?attachment_id=139'><img loading=\"lazy\" decoding=\"async\" width=\"150\" height=\"150\" src=\"https:\/\/kerstinglathe.de\/wp-content\/uploads\/2018\/10\/IMG_3511-150x150.jpg\" class=\"attachment-thumbnail size-thumbnail\" alt=\"\" aria-describedby=\"gallery-5-139\" srcset=\"https:\/\/kerstinglathe.de\/wp-content\/uploads\/2018\/10\/IMG_3511-150x150.jpg 150w, https:\/\/kerstinglathe.de\/wp-content\/uploads\/2018\/10\/IMG_3511-300x300.jpg 300w, https:\/\/kerstinglathe.de\/wp-content\/uploads\/2018\/10\/IMG_3511-768x768.jpg 768w, https:\/\/kerstinglathe.de\/wp-content\/uploads\/2018\/10\/IMG_3511-1024x1024.jpg 1024w, https:\/\/kerstinglathe.de\/wp-content\/uploads\/2018\/10\/IMG_3511-100x100.jpg 100w, https:\/\/kerstinglathe.de\/wp-content\/uploads\/2018\/10\/IMG_3511.jpg 1277w\" sizes=\"auto, 100vw\" \/><\/a>\n\t\t\t<\/div>\n\t\t\t\t<figcaption class='wp-caption-text gallery-caption' id='gallery-5-139'>\n\t\t\t\tfranz\u00f6sisches Flair\n\t\t\t\t<\/figcaption><\/figure><figure class='gallery-item'>\n\t\t\t<div class='gallery-icon landscape'>\n\t\t\t\t<a href='https:\/\/kerstinglathe.de\/?attachment_id=138'><img loading=\"lazy\" decoding=\"async\" width=\"150\" height=\"150\" src=\"https:\/\/kerstinglathe.de\/wp-content\/uploads\/2018\/10\/IMG_3510-150x150.jpg\" class=\"attachment-thumbnail size-thumbnail\" alt=\"\" aria-describedby=\"gallery-5-138\" srcset=\"https:\/\/kerstinglathe.de\/wp-content\/uploads\/2018\/10\/IMG_3510-150x150.jpg 150w, https:\/\/kerstinglathe.de\/wp-content\/uploads\/2018\/10\/IMG_3510-100x100.jpg 100w\" sizes=\"auto, 100vw\" \/><\/a>\n\t\t\t<\/div>\n\t\t\t\t<figcaption class='wp-caption-text gallery-caption' id='gallery-5-138'>\n\t\t\t\tgro\u00dfes Interesse\n\t\t\t\t<\/figcaption><\/figure>\n\t\t<\/div>\n\n<p>\u00a0<\/p>\n\n\n<figure class=\"wp-block-embed-wordpress wp-block-embed is-type-wp-embed is-provider-hohenzollernviertel-witten\"><div class=\"wp-block-embed__wrapper\">\nhttp:\/\/www.nordstrasse-witten.de\n<\/div><figcaption>Homepage der Nordstra\u00dfe Witten <br><\/figcaption><\/figure>\n","protected":false},"excerpt":{"rendered":"<p>Seit 2010 haben wir Nachbarn uns zuerst in der Nordstra\u00dfe und dann im ganzen Viertel zusammen geschlossen, um unser Quartier noch sch\u00f6ner zu machen als es eh schon ist und eine starke Gemeinschaft gegr\u00fcndet. Auf dem Karl-Marx-Platz haben wir hunderte von Blumenzwiebeln eingepflanzt. \u00a0 In der Weihnachtszeit schm\u00fccken wir unsere Stra\u00dfen mit Weihnachtsb\u00e4umen. In den &hellip; <\/p>\n<p class=\"link-more\"><a href=\"https:\/\/kerstinglathe.de\/?page_id=119\" class=\"more-link\"><span class=\"screen-reader-text\">\u201eNachbarschaftsinitiative Nordstra\u00dfe\u201c<\/span> weiterlesen<\/a><\/p>\n","protected":false},"author":1,"featured_media":0,"parent":0,"menu_order":0,"comment_status":"closed","ping_status":"closed","template":"","meta":{"footnotes":""},"class_list":["post-119","page","type-page","status-publish","hentry"],"_links":{"self":[{"href":"https:\/\/kerstinglathe.de\/index.php?rest_route=\/wp\/v2\/pages\/119","targetHints":{"allow":["GET"]}}],"collection":[{"href":"https:\/\/kerstinglathe.de\/index.php?rest_route=\/wp\/v2\/pages"}],"about":[{"href":"https:\/\/kerstinglathe.de\/index.php?rest_route=\/wp\/v2\/types\/page"}],"author":[{"embeddable":true,"href":"https:\/\/kerstinglathe.de\/index.php?rest_route=\/wp\/v2\/users\/1"}],"replies":[{"embeddable":true,"href":"https:\/\/kerstinglathe.de\/index.php?rest_route=%2Fwp%2Fv2%2Fcomments&post=119"}],"version-history":[{"count":5,"href":"https:\/\/kerstinglathe.de\/index.php?rest_route=\/wp\/v2\/pages\/119\/revisions"}],"predecessor-version":[{"id":259,"href":"https:\/\/kerstinglathe.de\/index.php?rest_route=\/wp\/v2\/pages\/119\/revisions\/259"}],"wp:attachment":[{"href":"https:\/\/kerstinglathe.de\/index.php?rest_route=%2Fwp%2Fv2%2Fmedia&parent=119"}],"curies":[{"name":"wp","href":"https:\/\/api.w.org\/{rel}","templated":true}]}}