{"id":146,"date":"2018-10-03T20:03:40","date_gmt":"2018-10-03T20:03:40","guid":{"rendered":"http:\/\/kerstinglathe.de\/?page_id=146"},"modified":"2018-10-03T20:06:23","modified_gmt":"2018-10-03T20:06:23","slug":"bauhuette-witten","status":"publish","type":"page","link":"https:\/\/kerstinglathe.de\/?page_id=146","title":{"rendered":"Bauh\u00fctte Witten"},"content":{"rendered":"<p>Nachdem im Herbst 2015 die bereits fast fertig gestellte Fl\u00fcchtlingsunterkunft am Annener Berg einer Brandstiftung zum Opfer fiel, sollte hier ein Zeichen gegen Rassismus gesetzt werden. Die anf\u00e4ngliche Idee, hier ein gemeinsames Wohnhaus f\u00fcr Studenten und Fl\u00fcchtlinge zu bauen, lie\u00df sich nicht realisieren.<\/p>\n<p>Der Arbeitskreis &#8222;Bauh\u00fctte&#8220; tagte noch bis 2017 und versuchte aus dem Ort des Schreckens einen Ort der Ruhe und Besinnung zu erstellen. Leider lie\u00df sich das Projekt nicht umsetzen.<\/p>\n<div id='gallery-1' class='gallery galleryid-146 gallery-columns-3 gallery-size-thumbnail'><figure class='gallery-item'>\n\t\t\t<div class='gallery-icon portrait'>\n\t\t\t\t<a href='https:\/\/kerstinglathe.de\/?attachment_id=145'><img loading=\"lazy\" decoding=\"async\" width=\"150\" height=\"150\" src=\"https:\/\/kerstinglathe.de\/wp-content\/uploads\/2018\/10\/IMG_4448-e1538596793807-150x150.jpg\" class=\"attachment-thumbnail size-thumbnail\" alt=\"\" aria-describedby=\"gallery-1-145\" srcset=\"https:\/\/kerstinglathe.de\/wp-content\/uploads\/2018\/10\/IMG_4448-e1538596793807-150x150.jpg 150w, https:\/\/kerstinglathe.de\/wp-content\/uploads\/2018\/10\/IMG_4448-e1538596793807-100x100.jpg 100w\" sizes=\"auto, 100vw\" \/><\/a>\n\t\t\t<\/div>\n\t\t\t\t<figcaption class='wp-caption-text gallery-caption' id='gallery-1-145'>\n\t\t\t\tOrt der Ruhe\n\t\t\t\t<\/figcaption><\/figure><figure class='gallery-item'>\n\t\t\t<div class='gallery-icon portrait'>\n\t\t\t\t<a href='https:\/\/kerstinglathe.de\/?attachment_id=144'><img loading=\"lazy\" decoding=\"async\" width=\"150\" height=\"150\" src=\"https:\/\/kerstinglathe.de\/wp-content\/uploads\/2018\/10\/IMG_4447-e1538596826787-150x150.jpg\" class=\"attachment-thumbnail size-thumbnail\" alt=\"\" aria-describedby=\"gallery-1-144\" srcset=\"https:\/\/kerstinglathe.de\/wp-content\/uploads\/2018\/10\/IMG_4447-e1538596826787-150x150.jpg 150w, https:\/\/kerstinglathe.de\/wp-content\/uploads\/2018\/10\/IMG_4447-e1538596826787-100x100.jpg 100w\" sizes=\"auto, 100vw\" \/><\/a>\n\t\t\t<\/div>\n\t\t\t\t<figcaption class='wp-caption-text gallery-caption' id='gallery-1-144'>\n\t\t\t\tOrt der Ruhe\n\t\t\t\t<\/figcaption><\/figure>\n\t\t<\/div>\n\n","protected":false},"excerpt":{"rendered":"<p>Nachdem im Herbst 2015 die bereits fast fertig gestellte Fl\u00fcchtlingsunterkunft am Annener Berg einer Brandstiftung zum Opfer fiel, sollte hier ein Zeichen gegen Rassismus gesetzt werden. Die anf\u00e4ngliche Idee, hier ein gemeinsames Wohnhaus f\u00fcr Studenten und Fl\u00fcchtlinge zu bauen, lie\u00df sich nicht realisieren. Der Arbeitskreis &#8222;Bauh\u00fctte&#8220; tagte noch bis 2017 und versuchte aus dem Ort &hellip; <\/p>\n<p class=\"link-more\"><a href=\"https:\/\/kerstinglathe.de\/?page_id=146\" class=\"more-link\"><span class=\"screen-reader-text\">\u201eBauh\u00fctte Witten\u201c<\/span> weiterlesen<\/a><\/p>\n","protected":false},"author":1,"featured_media":0,"parent":0,"menu_order":0,"comment_status":"closed","ping_status":"closed","template":"","meta":{"footnotes":""},"class_list":["post-146","page","type-page","status-publish","hentry"],"_links":{"self":[{"href":"https:\/\/kerstinglathe.de\/index.php?rest_route=\/wp\/v2\/pages\/146","targetHints":{"allow":["GET"]}}],"collection":[{"href":"https:\/\/kerstinglathe.de\/index.php?rest_route=\/wp\/v2\/pages"}],"about":[{"href":"https:\/\/kerstinglathe.de\/index.php?rest_route=\/wp\/v2\/types\/page"}],"author":[{"embeddable":true,"href":"https:\/\/kerstinglathe.de\/index.php?rest_route=\/wp\/v2\/users\/1"}],"replies":[{"embeddable":true,"href":"https:\/\/kerstinglathe.de\/index.php?rest_route=%2Fwp%2Fv2%2Fcomments&post=146"}],"version-history":[{"count":2,"href":"https:\/\/kerstinglathe.de\/index.php?rest_route=\/wp\/v2\/pages\/146\/revisions"}],"predecessor-version":[{"id":150,"href":"https:\/\/kerstinglathe.de\/index.php?rest_route=\/wp\/v2\/pages\/146\/revisions\/150"}],"wp:attachment":[{"href":"https:\/\/kerstinglathe.de\/index.php?rest_route=%2Fwp%2Fv2%2Fmedia&parent=146"}],"curies":[{"name":"wp","href":"https:\/\/api.w.org\/{rel}","templated":true}]}}