{"id":16,"date":"2018-10-02T17:57:22","date_gmt":"2018-10-02T17:57:22","guid":{"rendered":"http:\/\/kerstinglathe.de\/?page_id=16"},"modified":"2018-10-22T20:12:28","modified_gmt":"2018-10-22T20:12:28","slug":"autorin","status":"publish","type":"page","link":"https:\/\/kerstinglathe.de\/?page_id=16","title":{"rendered":"Autorin"},"content":{"rendered":"<p>Kerstin Glathe ist Jahrgang 1965, studierte Musikwissenschaft und Geschichte in Bochum, M\u00fcnster und Edmonton, und ist seit drei\u00dfig Jahren als freie Journalistin beim WDR t\u00e4tig. Sie lebt mit ihrer Familie am Rande des Ruhrgebietes. Mit den ersten Seiten von &#8222;Mondlandung&#8220; erzielte sie 2002 den 3. Preis beim Oberhausener Literaturpreis. Ebenfalls bei BoD erschienen \u201eInside Passage\u201c.<\/p>\n","protected":false},"excerpt":{"rendered":"<p>Kerstin Glathe ist Jahrgang 1965, studierte Musikwissenschaft und Geschichte in Bochum, M\u00fcnster und Edmonton, und ist seit drei\u00dfig Jahren als freie Journalistin beim WDR t\u00e4tig. Sie lebt mit ihrer Familie am Rande des Ruhrgebietes. Mit den ersten Seiten von &#8222;Mondlandung&#8220; erzielte sie 2002 den 3. Preis beim Oberhausener Literaturpreis. Ebenfalls bei BoD erschienen \u201eInside Passage\u201c.<\/p>\n","protected":false},"author":1,"featured_media":0,"parent":0,"menu_order":0,"comment_status":"closed","ping_status":"closed","template":"","meta":{"footnotes":""},"class_list":["post-16","page","type-page","status-publish","hentry"],"_links":{"self":[{"href":"https:\/\/kerstinglathe.de\/index.php?rest_route=\/wp\/v2\/pages\/16","targetHints":{"allow":["GET"]}}],"collection":[{"href":"https:\/\/kerstinglathe.de\/index.php?rest_route=\/wp\/v2\/pages"}],"about":[{"href":"https:\/\/kerstinglathe.de\/index.php?rest_route=\/wp\/v2\/types\/page"}],"author":[{"embeddable":true,"href":"https:\/\/kerstinglathe.de\/index.php?rest_route=\/wp\/v2\/users\/1"}],"replies":[{"embeddable":true,"href":"https:\/\/kerstinglathe.de\/index.php?rest_route=%2Fwp%2Fv2%2Fcomments&post=16"}],"version-history":[{"count":3,"href":"https:\/\/kerstinglathe.de\/index.php?rest_route=\/wp\/v2\/pages\/16\/revisions"}],"predecessor-version":[{"id":189,"href":"https:\/\/kerstinglathe.de\/index.php?rest_route=\/wp\/v2\/pages\/16\/revisions\/189"}],"wp:attachment":[{"href":"https:\/\/kerstinglathe.de\/index.php?rest_route=%2Fwp%2Fv2%2Fmedia&parent=16"}],"curies":[{"name":"wp","href":"https:\/\/api.w.org\/{rel}","templated":true}]}}