{"id":166,"date":"2018-10-03T20:35:33","date_gmt":"2018-10-03T20:35:33","guid":{"rendered":"http:\/\/kerstinglathe.de\/?page_id=166"},"modified":"2018-10-07T10:26:22","modified_gmt":"2018-10-07T10:26:22","slug":"pulse-of-europe","status":"publish","type":"page","link":"https:\/\/kerstinglathe.de\/?page_id=166","title":{"rendered":"Pulse of Europe"},"content":{"rendered":"<p>Aufger\u00fcttelt durch die Ereignisse in Ostdeutschland kamen wir von M\u00e4rz bis September 2017 in Witten auf dem Berliner Platz zusammen, um ein starkes Zeichen f\u00fcr Europa zu setzen. Bis heute findet Pulse of Europe an jedem zweiten Sonntag im Monat um 14 Uhr auf dem Platz des europ\u00e4ischen Versprechens in Bochum statt.<\/p>\n<div id='gallery-1' class='gallery galleryid-166 gallery-columns-3 gallery-size-thumbnail'><figure class='gallery-item'>\n\t\t\t<div class='gallery-icon landscape'>\n\t\t\t\t<a href='https:\/\/kerstinglathe.de\/?attachment_id=163'><img loading=\"lazy\" decoding=\"async\" width=\"150\" height=\"150\" src=\"https:\/\/kerstinglathe.de\/wp-content\/uploads\/2018\/10\/IMG_4772-150x150.jpg\" class=\"attachment-thumbnail size-thumbnail\" alt=\"\" aria-describedby=\"gallery-1-163\" srcset=\"https:\/\/kerstinglathe.de\/wp-content\/uploads\/2018\/10\/IMG_4772-150x150.jpg 150w, https:\/\/kerstinglathe.de\/wp-content\/uploads\/2018\/10\/IMG_4772-100x100.jpg 100w\" sizes=\"100vw\" \/><\/a>\n\t\t\t<\/div>\n\t\t\t\t<figcaption class='wp-caption-text gallery-caption' id='gallery-1-163'>\n\t\t\t\tJulia Holz spricht f\u00fcr Europa\n\t\t\t\t<\/figcaption><\/figure><figure class='gallery-item'>\n\t\t\t<div class='gallery-icon landscape'>\n\t\t\t\t<a href='https:\/\/kerstinglathe.de\/?attachment_id=162'><img loading=\"lazy\" decoding=\"async\" width=\"150\" height=\"150\" src=\"https:\/\/kerstinglathe.de\/wp-content\/uploads\/2018\/10\/IMG_4770-150x150.jpg\" class=\"attachment-thumbnail size-thumbnail\" alt=\"\" aria-describedby=\"gallery-1-162\" srcset=\"https:\/\/kerstinglathe.de\/wp-content\/uploads\/2018\/10\/IMG_4770-150x150.jpg 150w, https:\/\/kerstinglathe.de\/wp-content\/uploads\/2018\/10\/IMG_4770-100x100.jpg 100w\" sizes=\"100vw\" \/><\/a>\n\t\t\t<\/div>\n\t\t\t\t<figcaption class='wp-caption-text gallery-caption' id='gallery-1-162'>\n\t\t\t\tSingen der Europahymne\n\t\t\t\t<\/figcaption><\/figure><figure class='gallery-item'>\n\t\t\t<div class='gallery-icon portrait'>\n\t\t\t\t<a href='https:\/\/kerstinglathe.de\/?attachment_id=161'><img loading=\"lazy\" decoding=\"async\" width=\"150\" height=\"150\" src=\"https:\/\/kerstinglathe.de\/wp-content\/uploads\/2018\/10\/IMG_4769-150x150.jpg\" class=\"attachment-thumbnail size-thumbnail\" alt=\"\" aria-describedby=\"gallery-1-161\" srcset=\"https:\/\/kerstinglathe.de\/wp-content\/uploads\/2018\/10\/IMG_4769-150x150.jpg 150w, https:\/\/kerstinglathe.de\/wp-content\/uploads\/2018\/10\/IMG_4769-100x100.jpg 100w\" sizes=\"100vw\" \/><\/a>\n\t\t\t<\/div>\n\t\t\t\t<figcaption class='wp-caption-text gallery-caption' id='gallery-1-161'>\n\t\t\t\tNils Christopher gibt ein freies Konzert\n\t\t\t\t<\/figcaption><\/figure><figure class='gallery-item'>\n\t\t\t<div class='gallery-icon landscape'>\n\t\t\t\t<a href='https:\/\/kerstinglathe.de\/?attachment_id=151'><img loading=\"lazy\" decoding=\"async\" width=\"150\" height=\"150\" src=\"https:\/\/kerstinglathe.de\/wp-content\/uploads\/2018\/10\/IMG_4768-150x150.jpg\" class=\"attachment-thumbnail size-thumbnail\" alt=\"\" aria-describedby=\"gallery-1-151\" srcset=\"https:\/\/kerstinglathe.de\/wp-content\/uploads\/2018\/10\/IMG_4768-150x150.jpg 150w, https:\/\/kerstinglathe.de\/wp-content\/uploads\/2018\/10\/IMG_4768-100x100.jpg 100w\" sizes=\"100vw\" \/><\/a>\n\t\t\t<\/div>\n\t\t\t\t<figcaption class='wp-caption-text gallery-caption' id='gallery-1-151'>\n\t\t\t\tChristoph Ebner f\u00fcr  Europa\n\t\t\t\t<\/figcaption><\/figure><figure class='gallery-item'>\n\t\t\t<div class='gallery-icon landscape'>\n\t\t\t\t<a href='https:\/\/kerstinglathe.de\/?attachment_id=184'><img loading=\"lazy\" decoding=\"async\" width=\"150\" height=\"150\" src=\"https:\/\/kerstinglathe.de\/wp-content\/uploads\/2018\/10\/IMG_4771-150x150.jpg\" class=\"attachment-thumbnail size-thumbnail\" alt=\"\" aria-describedby=\"gallery-1-184\" srcset=\"https:\/\/kerstinglathe.de\/wp-content\/uploads\/2018\/10\/IMG_4771-150x150.jpg 150w, https:\/\/kerstinglathe.de\/wp-content\/uploads\/2018\/10\/IMG_4771-100x100.jpg 100w\" sizes=\"100vw\" \/><\/a>\n\t\t\t<\/div>\n\t\t\t\t<figcaption class='wp-caption-text gallery-caption' id='gallery-1-184'>\n\t\t\t\tPulse of Europe\n\t\t\t\t<\/figcaption><\/figure>\n\t\t<\/div>\n\n","protected":false},"excerpt":{"rendered":"<p>Aufger\u00fcttelt durch die Ereignisse in Ostdeutschland kamen wir von M\u00e4rz bis September 2017 in Witten auf dem Berliner Platz zusammen, um ein starkes Zeichen f\u00fcr Europa zu setzen. Bis heute findet Pulse of Europe an jedem zweiten Sonntag im Monat um 14 Uhr auf dem Platz des europ\u00e4ischen Versprechens in Bochum statt.<\/p>\n","protected":false},"author":1,"featured_media":0,"parent":0,"menu_order":0,"comment_status":"closed","ping_status":"closed","template":"","meta":{"footnotes":""},"_links":{"self":[{"href":"https:\/\/kerstinglathe.de\/index.php?rest_route=\/wp\/v2\/pages\/166"}],"collection":[{"href":"https:\/\/kerstinglathe.de\/index.php?rest_route=\/wp\/v2\/pages"}],"about":[{"href":"https:\/\/kerstinglathe.de\/index.php?rest_route=\/wp\/v2\/types\/page"}],"author":[{"embeddable":true,"href":"https:\/\/kerstinglathe.de\/index.php?rest_route=\/wp\/v2\/users\/1"}],"replies":[{"embeddable":true,"href":"https:\/\/kerstinglathe.de\/index.php?rest_route=%2Fwp%2Fv2%2Fcomments&post=166"}],"version-history":[{"count":4,"href":"https:\/\/kerstinglathe.de\/index.php?rest_route=\/wp\/v2\/pages\/166\/revisions"}],"predecessor-version":[{"id":187,"href":"https:\/\/kerstinglathe.de\/index.php?rest_route=\/wp\/v2\/pages\/166\/revisions\/187"}],"wp:attachment":[{"href":"https:\/\/kerstinglathe.de\/index.php?rest_route=%2Fwp%2Fv2%2Fmedia&parent=166"}],"curies":[{"name":"wp","href":"https:\/\/api.w.org\/{rel}","templated":true}]}}