{"id":172,"date":"2018-10-03T20:41:55","date_gmt":"2018-10-03T20:41:55","guid":{"rendered":"http:\/\/kerstinglathe.de\/?page_id=172"},"modified":"2021-03-27T19:54:17","modified_gmt":"2021-03-27T19:54:17","slug":"archivpatin-im-stadtarchiv-witten","status":"publish","type":"page","link":"https:\/\/kerstinglathe.de\/?page_id=172","title":{"rendered":"Archivpatin im Stadtarchiv Witten"},"content":{"rendered":"<p>Beim Kauf unseres Hauses ahnten wir nicht, dass es 1938 schon einmal eine bis dahin gl\u00fcckliche Familie hier gegeben hatte. Sie wurden vertrieben, weil der Arzt Dr. Julius B\u00f6heimer Jude war. Die Recherche im Stadtarchiv war ber\u00fchrend und es entstand die Idee zu der Reihe &#8222;Erinnern f\u00fcr die Zukunft&#8220;. Am 24. Januar 2014 machten wir mit der ersten Tafel den Anfang.<\/p>\n<figure id=\"attachment_152\" aria-describedby=\"caption-attachment-152\" style=\"width: 300px\" class=\"wp-caption alignnone\"><img loading=\"lazy\" decoding=\"async\" class=\"size-medium wp-image-152\" src=\"http:\/\/kerstinglathe.de\/wp-content\/uploads\/2018\/10\/BACB6DE7-73CB-48DA-8AF9-BB889875DB4A-300x201.jpg\" alt=\"\" width=\"300\" height=\"201\" srcset=\"https:\/\/kerstinglathe.de\/wp-content\/uploads\/2018\/10\/BACB6DE7-73CB-48DA-8AF9-BB889875DB4A-300x201.jpg 300w, https:\/\/kerstinglathe.de\/wp-content\/uploads\/2018\/10\/BACB6DE7-73CB-48DA-8AF9-BB889875DB4A-768x514.jpg 768w, https:\/\/kerstinglathe.de\/wp-content\/uploads\/2018\/10\/BACB6DE7-73CB-48DA-8AF9-BB889875DB4A-1024x685.jpg 1024w, https:\/\/kerstinglathe.de\/wp-content\/uploads\/2018\/10\/BACB6DE7-73CB-48DA-8AF9-BB889875DB4A.jpg 1280w\" sizes=\"(max-width: 300px) 100vw, 300px\" \/><figcaption id=\"caption-attachment-152\" class=\"wp-caption-text\">Erinnern f\u00fcr die Zukunft &#8211; Enth\u00fcllung der Erinnerungstafel f\u00fcr die Familie B\u00f6heimer am 24.1.2014<\/figcaption><\/figure>\n\n\n<p>F\u00fcr die H\u00e4user der Nordstra\u00dfe habe ich intensive Recherchen im Stadtarchiv Witten betrieben. Hier einige Ergebnisse:<\/p>\n\n\n\n<figure class=\"wp-block-embed-wordpress wp-block-embed is-type-wp-embed is-provider-hohenzollernviertel-witten\"><div class=\"wp-block-embed__wrapper\">\n<blockquote class=\"wp-embedded-content\" data-secret=\"WxIvAyKzMV\"><a href=\"http:\/\/www.nordstrasse-witten.de\/die-hauser\/nordstrasse\/nordstrasse-16\/\">Nordstrasse 16<\/a><\/blockquote><iframe class=\"wp-embedded-content\" sandbox=\"allow-scripts\" security=\"restricted\" style=\"position: absolute; clip: rect(1px, 1px, 1px, 1px);\" title=\"&#8222;Nordstrasse 16&#8220; &#8212; Hohenzollernviertel Witten\" src=\"http:\/\/www.nordstrasse-witten.de\/die-hauser\/nordstrasse\/nordstrasse-16\/embed\/#?secret=WxIvAyKzMV\" data-secret=\"WxIvAyKzMV\" width=\"525\" height=\"296\" frameborder=\"0\" marginwidth=\"0\" marginheight=\"0\" scrolling=\"no\"><\/iframe>\n<\/div><\/figure>\n\n\n\n<figure class=\"wp-block-embed-wordpress wp-block-embed is-type-wp-embed is-provider-hohenzollernviertel-witten\"><div class=\"wp-block-embed__wrapper\">\n<blockquote class=\"wp-embedded-content\" data-secret=\"t29qbn8rUe\"><a href=\"http:\/\/www.nordstrasse-witten.de\/die-hauser\/nordstrasse\/nordstr-19-abgerissen\/\">Nordstr. 19 (abgerissen)<\/a><\/blockquote><iframe class=\"wp-embedded-content\" sandbox=\"allow-scripts\" security=\"restricted\" style=\"position: absolute; clip: rect(1px, 1px, 1px, 1px);\" title=\"&#8222;Nordstr. 19 (abgerissen)&#8220; &#8212; Hohenzollernviertel Witten\" src=\"http:\/\/www.nordstrasse-witten.de\/die-hauser\/nordstrasse\/nordstr-19-abgerissen\/embed\/#?secret=t29qbn8rUe\" data-secret=\"t29qbn8rUe\" width=\"525\" height=\"296\" frameborder=\"0\" marginwidth=\"0\" marginheight=\"0\" scrolling=\"no\"><\/iframe>\n<\/div><\/figure>\n","protected":false},"excerpt":{"rendered":"<p>Beim Kauf unseres Hauses ahnten wir nicht, dass es 1938 schon einmal eine bis dahin gl\u00fcckliche Familie hier gegeben hatte. Sie wurden vertrieben, weil der Arzt Dr. Julius B\u00f6heimer Jude war. Die Recherche im Stadtarchiv war ber\u00fchrend und es entstand die Idee zu der Reihe &#8222;Erinnern f\u00fcr die Zukunft&#8220;. Am 24. Januar 2014 machten wir &hellip; <\/p>\n<p class=\"link-more\"><a href=\"https:\/\/kerstinglathe.de\/?page_id=172\" class=\"more-link\"><span class=\"screen-reader-text\">\u201eArchivpatin im Stadtarchiv Witten\u201c<\/span> weiterlesen<\/a><\/p>\n","protected":false},"author":1,"featured_media":0,"parent":0,"menu_order":0,"comment_status":"closed","ping_status":"closed","template":"","meta":{"footnotes":""},"_links":{"self":[{"href":"https:\/\/kerstinglathe.de\/index.php?rest_route=\/wp\/v2\/pages\/172"}],"collection":[{"href":"https:\/\/kerstinglathe.de\/index.php?rest_route=\/wp\/v2\/pages"}],"about":[{"href":"https:\/\/kerstinglathe.de\/index.php?rest_route=\/wp\/v2\/types\/page"}],"author":[{"embeddable":true,"href":"https:\/\/kerstinglathe.de\/index.php?rest_route=\/wp\/v2\/users\/1"}],"replies":[{"embeddable":true,"href":"https:\/\/kerstinglathe.de\/index.php?rest_route=%2Fwp%2Fv2%2Fcomments&post=172"}],"version-history":[{"count":3,"href":"https:\/\/kerstinglathe.de\/index.php?rest_route=\/wp\/v2\/pages\/172\/revisions"}],"predecessor-version":[{"id":261,"href":"https:\/\/kerstinglathe.de\/index.php?rest_route=\/wp\/v2\/pages\/172\/revisions\/261"}],"wp:attachment":[{"href":"https:\/\/kerstinglathe.de\/index.php?rest_route=%2Fwp%2Fv2%2Fmedia&parent=172"}],"curies":[{"name":"wp","href":"https:\/\/api.w.org\/{rel}","templated":true}]}}