{"id":177,"date":"2018-10-03T20:48:45","date_gmt":"2018-10-03T20:48:45","guid":{"rendered":"http:\/\/kerstinglathe.de\/?page_id=177"},"modified":"2021-03-27T19:39:32","modified_gmt":"2021-03-27T19:39:32","slug":"job","status":"publish","type":"page","link":"https:\/\/kerstinglathe.de\/?page_id=177","title":{"rendered":"Job"},"content":{"rendered":"\n\n\n<p>Ich bin promovierte Musikwissenschaftlerin und technische Musikredakteurin beim WDR. Mit meiner drei\u00dfigj\u00e4hrigen Berufserfahrung in Bereichen wie Reportage, Nachrichten, Musikplanung und der Konzeptionierung von neuen Formaten, kann ich mein Fachwissen mit vielf\u00e4ltigen Praxisbez\u00fcgen in leicht verst\u00e4ndlicher und humorvoller Weise vermitteln.<\/p>\n\n\n\n<p>Gerne gebe ich etwas von meiner Erfahrung weiter in den Bereichen:<\/p>\n\n\n\n<ul><li>Moderation<\/li><li>Kompakt und verst\u00e4ndlich texten<\/li><li>Dramaturgie von Beitr\u00e4gen<\/li><\/ul>\n","protected":false},"excerpt":{"rendered":"<p>Ich bin promovierte Musikwissenschaftlerin und technische Musikredakteurin beim WDR. Mit meiner drei\u00dfigj\u00e4hrigen Berufserfahrung in Bereichen wie Reportage, Nachrichten, Musikplanung und der Konzeptionierung von neuen Formaten, kann ich mein Fachwissen mit vielf\u00e4ltigen Praxisbez\u00fcgen in leicht verst\u00e4ndlicher und humorvoller Weise vermitteln. Gerne gebe ich etwas von meiner Erfahrung weiter in den Bereichen: Moderation Kompakt und verst\u00e4ndlich texten &hellip; <\/p>\n<p class=\"link-more\"><a href=\"https:\/\/kerstinglathe.de\/?page_id=177\" class=\"more-link\"><span class=\"screen-reader-text\">\u201eJob\u201c<\/span> weiterlesen<\/a><\/p>\n","protected":false},"author":1,"featured_media":0,"parent":0,"menu_order":0,"comment_status":"closed","ping_status":"closed","template":"","meta":{"footnotes":""},"_links":{"self":[{"href":"https:\/\/kerstinglathe.de\/index.php?rest_route=\/wp\/v2\/pages\/177"}],"collection":[{"href":"https:\/\/kerstinglathe.de\/index.php?rest_route=\/wp\/v2\/pages"}],"about":[{"href":"https:\/\/kerstinglathe.de\/index.php?rest_route=\/wp\/v2\/types\/page"}],"author":[{"embeddable":true,"href":"https:\/\/kerstinglathe.de\/index.php?rest_route=\/wp\/v2\/users\/1"}],"replies":[{"embeddable":true,"href":"https:\/\/kerstinglathe.de\/index.php?rest_route=%2Fwp%2Fv2%2Fcomments&post=177"}],"version-history":[{"count":11,"href":"https:\/\/kerstinglathe.de\/index.php?rest_route=\/wp\/v2\/pages\/177\/revisions"}],"predecessor-version":[{"id":257,"href":"https:\/\/kerstinglathe.de\/index.php?rest_route=\/wp\/v2\/pages\/177\/revisions\/257"}],"wp:attachment":[{"href":"https:\/\/kerstinglathe.de\/index.php?rest_route=%2Fwp%2Fv2%2Fmedia&parent=177"}],"curies":[{"name":"wp","href":"https:\/\/api.w.org\/{rel}","templated":true}]}}