{"id":21,"date":"2018-10-02T18:01:12","date_gmt":"2018-10-02T18:01:12","guid":{"rendered":"http:\/\/kerstinglathe.de\/?page_id=21"},"modified":"2018-10-02T18:01:12","modified_gmt":"2018-10-02T18:01:12","slug":"mondlandung","status":"publish","type":"page","link":"https:\/\/kerstinglathe.de\/?page_id=21","title":{"rendered":"Mondlandung"},"content":{"rendered":"<p><img loading=\"lazy\" decoding=\"async\" class=\"alignnone size-full wp-image-5\" src=\"http:\/\/kerstinglathe.de\/wp-content\/uploads\/2018\/10\/Buchcover_klein-Kopie.jpg\" alt=\"\" width=\"113\" height=\"180\" \/><\/p>\n<p>Ein Junge aus Westafrika und ein M\u00e4dchen aus dem S\u00fcden Chinas, beide f\u00fcnfzehnj\u00e4hrig, stranden mit der Hilfe von Schleppern im klimatisch wie menschlich k\u00fchlen Norden Deutschlands. Mondlandung ist die Geschichte ihrer Tr\u00e4ume, ihrer Verzweiflung und Angst, aber auch die einer Frau, die der Not nicht l\u00e4nger den R\u00fccken kehren kann. Durch die Arbeit mit den Fl\u00fcchtlingskindern lernt sie ihre eigene Heimat und ihre Mitmenschen mit neuen Augen zu sehen. In Mondlandung wird die Sichtweise auf die Migration in Deutschland aus verschiedenen Perspektiven dargestellt, ohne dabei Feindbilder aufzubauen. Die Sicht der Kinder, die v\u00f6llig unvorbereitet hier ankommen, die Sicht der Polizei und der Sachbearbeiter auf den Beh\u00f6rden, die zwischen Gesetzen und Menschen auf einem d\u00fcnnen Grat wandeln, die Perspektive der professionellen Sozialarbeiter zwischen Engagement und Entmutigung und die Sicht einer Frau aus beh\u00fcteten b\u00fcrgerlichen Verh\u00e4ltnissen, die sich mutig auf eine abenteuerliche Familienerweiterung einl\u00e4sst.<\/p>\n<p><a href=\"https:\/\/www.bod.de\/buchshop\/mondlandung-kerstin-glathe-9783837065336\">https:\/\/www.bod.de\/buchshop\/mondlandung-kerstin-glathe-9783837065336<\/a><\/p>\n","protected":false},"excerpt":{"rendered":"<p>Ein Junge aus Westafrika und ein M\u00e4dchen aus dem S\u00fcden Chinas, beide f\u00fcnfzehnj\u00e4hrig, stranden mit der Hilfe von Schleppern im klimatisch wie menschlich k\u00fchlen Norden Deutschlands. Mondlandung ist die Geschichte ihrer Tr\u00e4ume, ihrer Verzweiflung und Angst, aber auch die einer Frau, die der Not nicht l\u00e4nger den R\u00fccken kehren kann. Durch die Arbeit mit den &hellip; <\/p>\n<p class=\"link-more\"><a href=\"https:\/\/kerstinglathe.de\/?page_id=21\" class=\"more-link\"><span class=\"screen-reader-text\">\u201eMondlandung\u201c<\/span> weiterlesen<\/a><\/p>\n","protected":false},"author":1,"featured_media":0,"parent":0,"menu_order":0,"comment_status":"closed","ping_status":"closed","template":"","meta":{"footnotes":""},"_links":{"self":[{"href":"https:\/\/kerstinglathe.de\/index.php?rest_route=\/wp\/v2\/pages\/21"}],"collection":[{"href":"https:\/\/kerstinglathe.de\/index.php?rest_route=\/wp\/v2\/pages"}],"about":[{"href":"https:\/\/kerstinglathe.de\/index.php?rest_route=\/wp\/v2\/types\/page"}],"author":[{"embeddable":true,"href":"https:\/\/kerstinglathe.de\/index.php?rest_route=\/wp\/v2\/users\/1"}],"replies":[{"embeddable":true,"href":"https:\/\/kerstinglathe.de\/index.php?rest_route=%2Fwp%2Fv2%2Fcomments&post=21"}],"version-history":[{"count":1,"href":"https:\/\/kerstinglathe.de\/index.php?rest_route=\/wp\/v2\/pages\/21\/revisions"}],"predecessor-version":[{"id":22,"href":"https:\/\/kerstinglathe.de\/index.php?rest_route=\/wp\/v2\/pages\/21\/revisions\/22"}],"wp:attachment":[{"href":"https:\/\/kerstinglathe.de\/index.php?rest_route=%2Fwp%2Fv2%2Fmedia&parent=21"}],"curies":[{"name":"wp","href":"https:\/\/api.w.org\/{rel}","templated":true}]}}