{"id":242,"date":"2021-03-27T19:26:41","date_gmt":"2021-03-27T19:26:41","guid":{"rendered":"http:\/\/kerstinglathe.de\/?page_id=242"},"modified":"2021-03-27T19:26:41","modified_gmt":"2021-03-27T19:26:41","slug":"kulturschock","status":"publish","type":"page","link":"https:\/\/kerstinglathe.de\/?page_id=242","title":{"rendered":"Kulturschock"},"content":{"rendered":"\n<p>Ein gro\u00dfes Ereignis war der &#8222;Kulturschock&#8220; im Oktober 2019. Zusammen mit einem gro\u00dfartigen Team haben wir in der Citypassage in Witten einen Tag alle leerstehenden Ladenlokale zu Kunstateliers und Musikb\u00fchnen verwandelt.<\/p>\n\n\n\n<figure class=\"wp-block-embed-wordpress wp-block-embed is-type-wp-embed is-provider-antenne-witten\"><div class=\"wp-block-embed__wrapper\">\n<blockquote class=\"wp-embedded-content\" data-secret=\"Zrsq9HdTno\"><a href=\"https:\/\/antenne.nrw\/kulturschock-witten\/\">Kulturschock 2019<\/a><\/blockquote><iframe class=\"wp-embedded-content\" sandbox=\"allow-scripts\" security=\"restricted\" style=\"position: absolute; clip: rect(1px, 1px, 1px, 1px);\" title=\"&#8222;Kulturschock 2019&#8220; &#8212; Antenne Witten\" src=\"https:\/\/antenne.nrw\/kulturschock-witten\/embed\/#?secret=Zrsq9HdTno\" data-secret=\"Zrsq9HdTno\" width=\"525\" height=\"296\" frameborder=\"0\" marginwidth=\"0\" marginheight=\"0\" scrolling=\"no\"><\/iframe>\n<\/div><\/figure>\n\n\n\n<p><a href=\"https:\/\/www.waz.de\/staedte\/witten\/wittener-kulturschock-brachte-kunst-in-leere-ladenlokale-id227417213.html\">https:\/\/www.waz.de\/staedte\/witten\/wittener-kulturschock-brachte-kunst-in-leere-ladenlokale-id227417213.html<\/a><\/p>\n\n\n\n<p><a href=\"https:\/\/www.waz.de\/staedte\/witten\/festival-kulturschock-will-wittener-bahnhofstrasse-beleben-id227290643.html\">https:\/\/www.waz.de\/staedte\/witten\/festival-kulturschock-will-wittener-bahnhofstrasse-beleben-id227290643.html<\/a><\/p>\n","protected":false},"excerpt":{"rendered":"<p>Ein gro\u00dfes Ereignis war der &#8222;Kulturschock&#8220; im Oktober 2019. Zusammen mit einem gro\u00dfartigen Team haben wir in der Citypassage in Witten einen Tag alle leerstehenden Ladenlokale zu Kunstateliers und Musikb\u00fchnen verwandelt. https:\/\/www.waz.de\/staedte\/witten\/wittener-kulturschock-brachte-kunst-in-leere-ladenlokale-id227417213.html https:\/\/www.waz.de\/staedte\/witten\/festival-kulturschock-will-wittener-bahnhofstrasse-beleben-id227290643.html<\/p>\n","protected":false},"author":1,"featured_media":0,"parent":0,"menu_order":0,"comment_status":"closed","ping_status":"closed","template":"","meta":{"footnotes":""},"_links":{"self":[{"href":"https:\/\/kerstinglathe.de\/index.php?rest_route=\/wp\/v2\/pages\/242"}],"collection":[{"href":"https:\/\/kerstinglathe.de\/index.php?rest_route=\/wp\/v2\/pages"}],"about":[{"href":"https:\/\/kerstinglathe.de\/index.php?rest_route=\/wp\/v2\/types\/page"}],"author":[{"embeddable":true,"href":"https:\/\/kerstinglathe.de\/index.php?rest_route=\/wp\/v2\/users\/1"}],"replies":[{"embeddable":true,"href":"https:\/\/kerstinglathe.de\/index.php?rest_route=%2Fwp%2Fv2%2Fcomments&post=242"}],"version-history":[{"count":1,"href":"https:\/\/kerstinglathe.de\/index.php?rest_route=\/wp\/v2\/pages\/242\/revisions"}],"predecessor-version":[{"id":243,"href":"https:\/\/kerstinglathe.de\/index.php?rest_route=\/wp\/v2\/pages\/242\/revisions\/243"}],"wp:attachment":[{"href":"https:\/\/kerstinglathe.de\/index.php?rest_route=%2Fwp%2Fv2%2Fmedia&parent=242"}],"curies":[{"name":"wp","href":"https:\/\/api.w.org\/{rel}","templated":true}]}}