{"id":26,"date":"2018-10-02T18:05:42","date_gmt":"2018-10-02T18:05:42","guid":{"rendered":"http:\/\/kerstinglathe.de\/?page_id=26"},"modified":"2023-01-10T13:42:19","modified_gmt":"2023-01-10T13:42:19","slug":"impressum","status":"publish","type":"page","link":"https:\/\/kerstinglathe.de\/?page_id=26","title":{"rendered":"Impressum"},"content":{"rendered":"<p>Kerstin Glathe<\/p>\n<p>Nordstra\u00dfe 16, 58452 Witten<\/p>\n<p>podcast@kerstinglathe.de<\/p>\n<p>StNr.: 348\/5854\/1231<\/p>\n<header class=\"entry-header\">\n<h1 class=\"entry-title\">Datenschutzerkl\u00e4rung<\/h1>\n<\/header>\n<div class=\"entry-content\">\n<p><strong>Datenschutzerkl\u00e4rung Kerstin Glathe<\/strong><\/p>\n<p>Diese Datenschutzerkl\u00e4rung soll die Nutzer dieser Website \u00fcber die Art, den Umfang und den Zweck der Erhebung und die Verwendung personenbezogener Daten durch die Websitebetreiberin, Kerstin Glathe, informieren. Wir nehmen Ihren Datenschutz sehr ernst und behandeln Ihre personenbezogenen Daten vertraulich und entsprechend der gesetzlichen Vorschriften. Da durch neue Technologien und die st\u00e4ndige Weiterentwicklung dieser Webseite \u00c4nderungen an dieser Datenschutzerkl\u00e4rung vorgenommen werden k\u00f6nnen, empfehlen wir Ihnen sich die Datenschutzerkl\u00e4rung in regelm\u00e4\u00dfigen Abst\u00e4nden wieder durchzulesen.<\/p>\n<p>Wir beziehen uns in dieser Erkl\u00e4rung auf die Definitionen \u201epersonenbezogene Daten\u201c oder \u201eVerarbeitung\u201c auf den Art.4 DSGVO.<\/p>\n<p>Seit 2017 gelten IP-Adressen als personenbezogene Daten. Das hat der oberste deutsche Gerichtshof, der BGH, entschieden. Wir weisen darauf hin, dass es unm\u00f6glich ist, eine Webseite zu besuchen, ohne seine IP-Adresse zu \u00fcbertragen und dass die Daten\u00fcbertragung im Internet, z.B. bei der Kommunikation per E-Mail Sicherheitsl\u00fccken aufweisen kann. Die Erhebung Ihrer E-Mail-Adresse erfolgt auf freiwilliger Basis.<\/p>\n<p><strong>Zugriffsdaten<\/strong><\/p>\n<p>Wir als Webseitenbetreiber, erheben aufgrund unseres berechtigten Interesses (s. Art. 6 Abs.1lit f. DSGVO) Daten \u00fcber Zugriffe auf die Webseite und speichern diese als \u201eServer-Logfiles\u201c auf dem Server der Webseite ab.<\/p>\n<p>Es werden dort folgende Daten erfasst:<\/p>\n<p>Besuchte WebseiteUhrzeit zum Zeitpunkt des ZugriffesMenge der gesendeten Daten in ByteQuelle\/Verweis, von welchem Sie auf die Seite gelangtenVerwendeter BrowserVerwendetes BetriebssystemVerwendete IP-Adresse<\/p>\n<p>Die Server-Logfiles werden f\u00fcr maximal 14 Tage gespeichert und anschlie\u00dfend gel\u00f6scht. Die Speicherung der Daten erfolgt aus Sicherheitsgr\u00fcnden, um z.B. Missbrauchsf\u00e4lle aufkl\u00e4ren zu k\u00f6nnen. M\u00fcssen Daten aus Beweisgr\u00fcnden aufgehoben werden, sind sie solange von der L\u00f6schung ausgenommen bis der Vorfall endg\u00fcltig gekl\u00e4rt ist. Die IP-Adresse wird in Zukunft nur noch in anonymisierter Form gespeichert; dazu wird das letzte Oktett genullt. Die L\u00f6schung erfolgt dann nach sp\u00e4testens 14 Tagen. Die Logfiles werden zur Aufrechterhaltung des Serverbetriebs und zur statistischen Auswertung erhoben und gespeichert. Neben den Logfiles findes serverseitig keine weitere Speicherung von Daten statt.<\/p>\n<p><strong>Reichweitenmessung &amp; Cookies<\/strong><\/p>\n<p>Diese Webseite verwendet Cookies zur pseudonymisierten Reichweitenmessung, die entweder von unserem Server oder dem Server Dritter an den Browser des Nutzers \u00fcbertragen werden. Bei Cookies handelt es sich um kleine Dateien, welche auf dem Endger\u00e4t gespeichert werden. Ihr Browser greift auf diese Dateien zu. Durch den Einsatz von Cookies erh\u00f6ht sich die Benutzerfreundlichkeit und Sicherheit dieser Webseite. Die meisten der von uns verwendeten Cookies sind so genannte \u201eSession-Cookies\u201c. Sie werden nach Ende Ihres Besuchs automatisch gel\u00f6scht. Andere Cookies bleiben auf dem Endger\u00e4t gespeichert, bis Sie diese l\u00f6schen. Diese Cookies erm\u00f6glichen es uns, Ihren Browser beim n\u00e4chsten Besuch wieder zu erkennen. Sie k\u00f6nnen Ihren Browser so einstellen, dass Sie \u00fcber das Setzen von Cookies informiert werden und Cookies nur im Einzelfall erlauben, die Annahme von Cookies f\u00fcr bestimmte F\u00e4lle oder generell ausschlie\u00dfen sowie das automatische L\u00f6schen der Cookies beim Schlie\u00dfen des Browser aktivieren. Bei der Deaktivierung von Cookies kann die Funktionalit\u00e4t dieser Webseite eingeschr\u00e4nkt sein.<\/p>\n<p>Falls Sie nicht m\u00f6chten, dass Cookies zur Reichweitenmessung auf Ihrem Endger\u00e4t gespeichert werden, k\u00f6nnen Sie dem Einsatz dieser Dateien hier widersprechen:<\/p>\n<p>Cookie-Deaktivierungsseite der Netzwerkwerbeinitiative: http:\/\/optout.networkadvertising.org\/?c=1#!\/Cookie-Deaktivierungsseite der US-amerikanischen Websites: http:\/\/optout.aboutads.info\/?c=2#!\/Cookie-Deaktivierungsseite der europ\u00e4ischen Website: http:\/\/optout.networkadvertising.org\/?c=1#!\/<\/p>\n<p><strong>Erfassung und Verarbeitung personenbezogener Daten<\/strong><\/p>\n<p>Diese Webseite k\u00f6nnen Sie auch besuchen, ohne Angaben zu ihrer Person zu machen. Zur Verbesserung unseres Online-Angebotes speichern wir jedoch (ohne Personenbezug) Ihre Zugriffsdaten auf diese Webseite. Zu diesen Zugriffsdaten geh\u00f6ren z.B. die von Ihnen angeforderten Dateien oder der Name Ihres Internet-Providers. Durch die Anonymisierung der Daten sind R\u00fcckschl\u00fcsse auf Ihre Person nicht m\u00f6glich.<\/p>\n<p>Die Verarbeitung der personenbezogenen Daten, die Sie uns durch Nutzung unserer E-Mail-Adresse \/ durch Ihre Kontaktaufnahme freiwillig angeben, verarbeiten wir aufgrund unseres berechtigten Interesses nur nach ausdr\u00fccklicher Erlaubnis und unter Einhaltung der geltenden Datenschutzbestimmungen.<\/p>\n<p>Nehmen Sie mit uns als Webseitenbetreiber durch die angebotenen Kontaktm\u00f6glichkeiten Verbindung auf, werden Ihre Angaben gespeichert, damit auf diese zur Bearbeitung und Beantwortung Ihrer Amfrage zur\u00fcckgegriffen werden kann. Ohne Ihre Einwilligung werden diese Daten nicht an Dritte weitergegeben.<\/p>\n<p><strong>Rechte des Nutzers<\/strong><\/p>\n<p>Sie haben als Nutzer das Recht, auf Antrag eine kostenlose Auskunft dar\u00fcber zu erhalten, welche personenbezogenen Daten \u00fcber Sie gespeichert wurden. Sie haben au\u00dferdem das Recht auf Berichtigung falscher Daten und auf die Verarbeitungseinschr\u00e4nkung oder L\u00f6schung Ihrer personenbezogenen Daten. Falls zutreffend, k\u00f6nnen Sie auch Ihr Recht auf Datenportabilit\u00e4t geltend machen. Sollten Sie annehmen, dass Ihre Daten unrechtm\u00e4\u00dfig verarbeitet wurden, k\u00f6nnen Sie eine Beschwerde bei der zust\u00e4ndigen Aufsichtsbeh\u00f6rde einreichen.<\/p>\n<p><strong>L\u00f6schung von Daten<\/strong><\/p>\n<p>Sofern Ihr Wunsch nicht mit einer gesetzlichen Pflicht zur Aufbewahrung von Daten (z. B. Vorratsdatenspeicherung) kollidiert, haben Sie ein Anrecht auf L\u00f6schung Ihrer Daten. Von uns gespeicherte Daten werden, sollten sie f\u00fcr ihre Zweckbestimmung nicht mehr vonn\u00f6ten sein und es keine gesetzlichen Aufbewahrungsfristen geben, gel\u00f6scht. Falls eine L\u00f6schung nicht durchgef\u00fchrt werden kann, da die Daten f\u00fcr zul\u00e4ssige gesetzliche Zwecke erforderlich sind, erfolgt eine Einschr\u00e4nkung der Datenverarbeitung. In diesem Fall werden die Daten gesperrt und nicht f\u00fcr andere Zwecke verarbeitet.<\/p>\n<p><strong>Widerspruchsrecht<\/strong><\/p>\n<p>Nutzer dieser Webseite k\u00f6nnen von ihrem Widerspruchsrecht Gebrauch machen und der Verarbeitung ihrer personenbezogenen Daten zu jeder Zeit widersprechen.<\/p>\n<p>Wenn Sie eine Berichtigung, Sperrung, L\u00f6schung oder Auskunft \u00fcber die zu Ihrer Person gespeicherten personenbezogenen Daten w\u00fcnschen oder Fragen bzgl. der Erhebung, Verarbeitung oder Verwendung Ihrer personenbezogenen Daten haben oder erteilte Einwilligungen widerrufen m\u00f6chten, wenden Sie sich bitte<\/p>\n<p>an folgende E-Mail-Adresse: podcast@kerstinglathe.de<\/p>\n<\/div>\n","protected":false},"excerpt":{"rendered":"<p>Kerstin Glathe Nordstra\u00dfe 16, 58452 Witten podcast@kerstinglathe.de StNr.: 348\/5854\/1231 Datenschutzerkl\u00e4rung Datenschutzerkl\u00e4rung Kerstin Glathe Diese Datenschutzerkl\u00e4rung soll die Nutzer dieser Website \u00fcber die Art, den Umfang und den Zweck der Erhebung und die Verwendung personenbezogener Daten durch die Websitebetreiberin, Kerstin Glathe, informieren. Wir nehmen Ihren Datenschutz sehr ernst und behandeln Ihre personenbezogenen Daten vertraulich und entsprechend &hellip; <\/p>\n<p class=\"link-more\"><a href=\"https:\/\/kerstinglathe.de\/?page_id=26\" class=\"more-link\"><span class=\"screen-reader-text\">\u201eImpressum\u201c<\/span> weiterlesen<\/a><\/p>\n","protected":false},"author":1,"featured_media":0,"parent":0,"menu_order":0,"comment_status":"closed","ping_status":"closed","template":"","meta":{"footnotes":""},"_links":{"self":[{"href":"https:\/\/kerstinglathe.de\/index.php?rest_route=\/wp\/v2\/pages\/26"}],"collection":[{"href":"https:\/\/kerstinglathe.de\/index.php?rest_route=\/wp\/v2\/pages"}],"about":[{"href":"https:\/\/kerstinglathe.de\/index.php?rest_route=\/wp\/v2\/types\/page"}],"author":[{"embeddable":true,"href":"https:\/\/kerstinglathe.de\/index.php?rest_route=\/wp\/v2\/users\/1"}],"replies":[{"embeddable":true,"href":"https:\/\/kerstinglathe.de\/index.php?rest_route=%2Fwp%2Fv2%2Fcomments&post=26"}],"version-history":[{"count":3,"href":"https:\/\/kerstinglathe.de\/index.php?rest_route=\/wp\/v2\/pages\/26\/revisions"}],"predecessor-version":[{"id":276,"href":"https:\/\/kerstinglathe.de\/index.php?rest_route=\/wp\/v2\/pages\/26\/revisions\/276"}],"wp:attachment":[{"href":"https:\/\/kerstinglathe.de\/index.php?rest_route=%2Fwp%2Fv2%2Fmedia&parent=26"}],"curies":[{"name":"wp","href":"https:\/\/api.w.org\/{rel}","templated":true}]}}