{"id":263,"date":"2021-11-14T15:54:28","date_gmt":"2021-11-14T15:54:28","guid":{"rendered":"http:\/\/kerstinglathe.de\/?page_id=263"},"modified":"2024-03-01T15:52:15","modified_gmt":"2024-03-01T15:52:15","slug":"podcast-breddeviertel","status":"publish","type":"page","link":"https:\/\/kerstinglathe.de\/?page_id=263","title":{"rendered":"Podcast Breddeviertel"},"content":{"rendered":"\n<p>Hier gibt es alle 4 Wochen einen Rundgang durch das Breddeviertel in Witten. Ausfl\u00fcge au\u00dferhalb des Viertels machen wir auch. Historisch, anekdotisch, kurzweilig. F\u00fcr Menschen mit Interesse.<\/p>\n\n\n\n<p><\/p>\n\n\n\n<p><a href=\"https:\/\/breddeviertel.de\">Der Breddeviertelpodcast<\/a><\/p>\n\n\n\n<p><\/p>\n\n\n\n<p><\/p>\n","protected":false},"excerpt":{"rendered":"<p>Hier gibt es alle 4 Wochen einen Rundgang durch das Breddeviertel in Witten. Ausfl\u00fcge au\u00dferhalb des Viertels machen wir auch. Historisch, anekdotisch, kurzweilig. F\u00fcr Menschen mit Interesse. Der Breddeviertelpodcast<\/p>\n","protected":false},"author":1,"featured_media":0,"parent":0,"menu_order":0,"comment_status":"closed","ping_status":"closed","template":"","meta":{"footnotes":""},"_links":{"self":[{"href":"https:\/\/kerstinglathe.de\/index.php?rest_route=\/wp\/v2\/pages\/263"}],"collection":[{"href":"https:\/\/kerstinglathe.de\/index.php?rest_route=\/wp\/v2\/pages"}],"about":[{"href":"https:\/\/kerstinglathe.de\/index.php?rest_route=\/wp\/v2\/types\/page"}],"author":[{"embeddable":true,"href":"https:\/\/kerstinglathe.de\/index.php?rest_route=\/wp\/v2\/users\/1"}],"replies":[{"embeddable":true,"href":"https:\/\/kerstinglathe.de\/index.php?rest_route=%2Fwp%2Fv2%2Fcomments&post=263"}],"version-history":[{"count":4,"href":"https:\/\/kerstinglathe.de\/index.php?rest_route=\/wp\/v2\/pages\/263\/revisions"}],"predecessor-version":[{"id":302,"href":"https:\/\/kerstinglathe.de\/index.php?rest_route=\/wp\/v2\/pages\/263\/revisions\/302"}],"wp:attachment":[{"href":"https:\/\/kerstinglathe.de\/index.php?rest_route=%2Fwp%2Fv2%2Fmedia&parent=263"}],"curies":[{"name":"wp","href":"https:\/\/api.w.org\/{rel}","templated":true}]}}