{"id":284,"date":"2024-02-05T11:38:33","date_gmt":"2024-02-05T11:38:33","guid":{"rendered":"https:\/\/kerstinglathe.de\/?page_id=284"},"modified":"2024-02-05T11:59:01","modified_gmt":"2024-02-05T11:59:01","slug":"breddeviertel-witten","status":"publish","type":"page","link":"https:\/\/kerstinglathe.de\/?page_id=284","title":{"rendered":"Breddeviertel Witten"},"content":{"rendered":"\n<p>Das Breddeviertel in der Wittener Innenstadt war vor 150 Jahren das erste Stadterweiterungsgebiet, als aus dem kleinen Ackerst\u00e4dtchen eine Industriestadt mit vielen Migranten, z.B. aus Hessen wurde. Kerstin Glathe und Ralph Klein erkl\u00e4ren die Urspr\u00fcnge historisch und mit vielen Anekdoten. Sie arbeiten sich aus den Anf\u00e4ngen des Breddeviertels vor bis in die aktuelle Zeit. Wie lebte man hier fr\u00fcher, wie heute?<\/p>\n\n\n\n<p><a href=\"https:\/\/open.spotify.com\/show\/3Ep3xZiKlQPskwPMw8oelx\">Breddeviertelpodcast<\/a><\/p>\n\n\n\n<figure class=\"wp-block-image size-large\"><img loading=\"lazy\" decoding=\"async\" width=\"854\" height=\"1024\" src=\"https:\/\/kerstinglathe.de\/wp-content\/uploads\/2024\/02\/Witten-1868-854x1024.jpg\" alt=\"\" class=\"wp-image-289\" srcset=\"https:\/\/kerstinglathe.de\/wp-content\/uploads\/2024\/02\/Witten-1868-854x1024.jpg 854w, https:\/\/kerstinglathe.de\/wp-content\/uploads\/2024\/02\/Witten-1868-250x300.jpg 250w, https:\/\/kerstinglathe.de\/wp-content\/uploads\/2024\/02\/Witten-1868-768x921.jpg 768w, https:\/\/kerstinglathe.de\/wp-content\/uploads\/2024\/02\/Witten-1868-1281x1536.jpg 1281w, https:\/\/kerstinglathe.de\/wp-content\/uploads\/2024\/02\/Witten-1868.jpg 1344w\" sizes=\"auto, (max-width: 706px) 89vw, (max-width: 767px) 82vw, 740px\" \/><figcaption class=\"wp-element-caption\">OLYMPUS DIGITAL CAMERA<\/figcaption><\/figure>\n\n\n\n<p>Gelegen zwischen Bahnhofstrasse und Breite Strasse in Witten-Mitte.<br>L\u00e4nge 282,30m, benannt am 30.7.1863. Der Name wurde nach der Richtung der Strasse (Norden) benannt. Die Strasse nutzte einen Feldweg, der am s\u00fcdwestlichen Rande des Flurst\u00fccks \u201eBredde\u201c entlang f\u00fchrte. Die Strasse f\u00fchrte urspr\u00fcnglich auf den ersten Bahnhof der Bergisch-M\u00e4rkischen Eisenbahn.<\/p>\n\n\n\n<p>Der 1875 in der Form eines an den Ecken abgeschnittenen Quadrats abgesteckte K\u00f6nigsplatz und die diagonal aus S\u00fcdosten und Nordosten auf ihn zugef\u00fchrten Z\u00fcge der Garten- und der Nordstra\u00dfe, sollten den Bahnhof an die Stadt binden.<br>(Brandenburg, Paul und Hildebrand, Karl-Heinz: Witten. Stra\u00dfen \u2013 Wege \u2013 Pl\u00e4tze. Beitr\u00e4ge zur Geschichte der Stadt Witten 1, Witten 1989)<\/p>\n\n\n\n<p>19.9.1873: Einweihung des Schul- und Bethauses an der Nordstra\u00dfe 19 durch den Lehrer und Kultusbeamten Ostwald. (Wittener Ortskunde und Ortsgesetze: B\u00fcrger-Nachschlagebuch. Hrsg. Gustav Hassel. Witten 1902, S.1011)<br>Am 1.11.1895: Verlegung der bis dahin im Privathaus Kornmarkt 1 untergebrachten st\u00e4dtischen h\u00f6heren M\u00e4dchenschule in das st\u00e4dtische Geb\u00e4ude Nordstra\u00dfe 19. Das fr\u00fcher der Synagogengemeinde geh\u00f6rige Geb\u00e4ude wurde bis dahin als j\u00fcdisches Bethaus benutzt und wurde in der Zeit vom 1. Juli bis 1. November 1885 f\u00fcr die Zwecke der h\u00f6heren T\u00f6chterschule umgebaut. (Wittener Ortskunde und Ortsgesetze: B\u00fcrger-Nachschlagebuch. Hrsg. Gustav Hassel. Witten 1902, S.1018)<\/p>\n\n\n\n<figure class=\"wp-block-image size-large\"><img loading=\"lazy\" decoding=\"async\" width=\"1024\" height=\"683\" src=\"https:\/\/kerstinglathe.de\/wp-content\/uploads\/2024\/02\/Bild_KMP_1-1024x683.jpg\" alt=\"\" class=\"wp-image-291\" srcset=\"https:\/\/kerstinglathe.de\/wp-content\/uploads\/2024\/02\/Bild_KMP_1-1024x683.jpg 1024w, https:\/\/kerstinglathe.de\/wp-content\/uploads\/2024\/02\/Bild_KMP_1-300x200.jpg 300w, https:\/\/kerstinglathe.de\/wp-content\/uploads\/2024\/02\/Bild_KMP_1-768x512.jpg 768w, https:\/\/kerstinglathe.de\/wp-content\/uploads\/2024\/02\/Bild_KMP_1-1536x1024.jpg 1536w, https:\/\/kerstinglathe.de\/wp-content\/uploads\/2024\/02\/Bild_KMP_1-2048x1365.jpg 2048w\" sizes=\"auto, (max-width: 706px) 89vw, (max-width: 767px) 82vw, 740px\" \/><\/figure>\n\n\n\n<p>Die schon lange in Aussicht genommene telefonische Verbindung s\u00e4mtlicher Verwaltungsgeb\u00e4ude der Stadt unter einander wird im Berichtsjahr zur Ausf\u00fchrung gebracht. Die Fernsprechanlage ist nach dem sogen. Linienw\u00e4hlersystem hergestellt und derart eingerichtet, dass die Stationen in den einzelnen Geb\u00e4uden, Rathaus, Dienstgeb\u00e4ude Markststra\u00dfe 14 und 15, sowie Nordstra\u00dfe 19 (Stadtbauamt) s\u00e4mtlich untereinander ohne Vermittlungsamt verkehren k\u00f6nnen. Die von der Elektrizit\u00e4tsgesellschaft Hochstra\u00dfe und B\u00f6ttcher ausgef\u00fchrte Anlage verursacht einen Gesamtkostenaufwand von 1.809,90 Mark (Verwaltungsbericht 1905, S.109)<\/p>\n\n\n\n<p>1948: Die Stadtb\u00fccherei zieht in das Geb\u00e4ude Nordstra\u00dfe 19 (WR vom 14.6.1955)<\/p>\n","protected":false},"excerpt":{"rendered":"<p>Das Breddeviertel in der Wittener Innenstadt war vor 150 Jahren das erste Stadterweiterungsgebiet, als aus dem kleinen Ackerst\u00e4dtchen eine Industriestadt mit vielen Migranten, z.B. aus Hessen wurde. Kerstin Glathe und Ralph Klein erkl\u00e4ren die Urspr\u00fcnge historisch und mit vielen Anekdoten. Sie arbeiten sich aus den Anf\u00e4ngen des Breddeviertels vor bis in die aktuelle Zeit. Wie &hellip; <\/p>\n<p class=\"link-more\"><a href=\"https:\/\/kerstinglathe.de\/?page_id=284\" class=\"more-link\"><span class=\"screen-reader-text\">\u201eBreddeviertel Witten\u201c<\/span> weiterlesen<\/a><\/p>\n","protected":false},"author":1,"featured_media":0,"parent":0,"menu_order":0,"comment_status":"closed","ping_status":"closed","template":"","meta":{"footnotes":""},"class_list":["post-284","page","type-page","status-publish","hentry"],"_links":{"self":[{"href":"https:\/\/kerstinglathe.de\/index.php?rest_route=\/wp\/v2\/pages\/284","targetHints":{"allow":["GET"]}}],"collection":[{"href":"https:\/\/kerstinglathe.de\/index.php?rest_route=\/wp\/v2\/pages"}],"about":[{"href":"https:\/\/kerstinglathe.de\/index.php?rest_route=\/wp\/v2\/types\/page"}],"author":[{"embeddable":true,"href":"https:\/\/kerstinglathe.de\/index.php?rest_route=\/wp\/v2\/users\/1"}],"replies":[{"embeddable":true,"href":"https:\/\/kerstinglathe.de\/index.php?rest_route=%2Fwp%2Fv2%2Fcomments&post=284"}],"version-history":[{"count":4,"href":"https:\/\/kerstinglathe.de\/index.php?rest_route=\/wp\/v2\/pages\/284\/revisions"}],"predecessor-version":[{"id":292,"href":"https:\/\/kerstinglathe.de\/index.php?rest_route=\/wp\/v2\/pages\/284\/revisions\/292"}],"wp:attachment":[{"href":"https:\/\/kerstinglathe.de\/index.php?rest_route=%2Fwp%2Fv2%2Fmedia&parent=284"}],"curies":[{"name":"wp","href":"https:\/\/api.w.org\/{rel}","templated":true}]}}