{"id":37,"date":"2018-10-02T18:22:55","date_gmt":"2018-10-02T18:22:55","guid":{"rendered":"http:\/\/kerstinglathe.de\/?page_id=37"},"modified":"2020-02-22T08:42:48","modified_gmt":"2020-02-22T08:42:48","slug":"ueber-mich","status":"publish","type":"page","link":"https:\/\/kerstinglathe.de\/?page_id=37","title":{"rendered":"\u00fcber mich"},"content":{"rendered":"<p>Geboren in Castrop-Rauxel am 16. Januar 1965<br \/>\nVerheiratet, 2 Kinder<br \/>\nAbitur am Goethe-Gymnasium in Dortmund 1984<br \/>\nStudium der Musikwissenschaft in Bochum (1984-86), M\u00fcnster (1986-92) und Edmonton, Kanada (1989\/90)<br \/>\nMagistra Artium 1992, WWU M\u00fcnster<br \/>\nDr.phil 2004, RUB Bochum<\/p>\n<p>Volontariat zur Redakteurin beim Lokalradio 91,2 Dortmund (1992\/93)<br \/>\nFreie Mitarbeit beim WDR seit 1994<br \/>\nBeitr\u00e4ge, Pr\u00e4sentation der Nachrichten, seit 2003 RG Neues Radio (WDR K\u00f6ln)<br \/>\nFachbereiche: Musikplanungssoftware, Schnittstellenmapping, Controling, Entwicklung neuer Formate<br \/>\nWeitere T\u00e4tigkeiten:<br \/>\n\u00dcbersetzungen Englisch \u2013 Deutsch<br \/>\nAutorin verschiedener B\u00fccher (Mondlandung, Inside Passage \u2013 beide erschienen bei BoD)<\/p>\n<p>Vormundschaften f\u00fcr zwei unbegleitete, minderj\u00e4hrige Fl\u00fcchtlinge (Guinea, China)Archivpatin, Stadtarchiv Witten<br \/>\nProjekt \u201eErinnern f\u00fcr die Zukunft\u201c, Erinnerungstafeln in Witten<\/p>\n<p>Arbeit mit Gefl\u00fcchteten in Witten, starke Anbindung an den Help Kiosk Witten e.V.<\/p>\n<p>ruhend:<\/p>\n<p>Verein zur Rettung des G\u00fcnnemannkottens, Witten R\u00fcdinghausen<br \/>\nFreundeskreis der IsraelfahrerNachbarschaftsinitiative Nordstra\u00dfe Witten<br \/>\nMitarbeit in der Bauh\u00fctte Witten<br \/>\nMitglied im Kulturbeirat Witten in der Sparte Soziokultur (bis 02\/2020)<br \/>\nSoroptimistin im Club Witten-Ardey (bis 12\/2019)<\/p>\n<p>Mein Lebensmotto:<br \/>\n\u201eIch habe keine Zeit mich zu beeilen.\u201c (Igor Strawinski)<\/p>\n","protected":false},"excerpt":{"rendered":"<p>Geboren in Castrop-Rauxel am 16. Januar 1965 Verheiratet, 2 Kinder Abitur am Goethe-Gymnasium in Dortmund 1984 Studium der Musikwissenschaft in Bochum (1984-86), M\u00fcnster (1986-92) und Edmonton, Kanada (1989\/90) Magistra Artium 1992, WWU M\u00fcnster Dr.phil 2004, RUB Bochum Volontariat zur Redakteurin beim Lokalradio 91,2 Dortmund (1992\/93) Freie Mitarbeit beim WDR seit 1994 Beitr\u00e4ge, Pr\u00e4sentation der Nachrichten, &hellip; <\/p>\n<p class=\"link-more\"><a href=\"https:\/\/kerstinglathe.de\/?page_id=37\" class=\"more-link\"><span class=\"screen-reader-text\">\u201e\u00fcber mich\u201c<\/span> weiterlesen<\/a><\/p>\n","protected":false},"author":1,"featured_media":0,"parent":0,"menu_order":0,"comment_status":"closed","ping_status":"closed","template":"","meta":{"footnotes":""},"_links":{"self":[{"href":"https:\/\/kerstinglathe.de\/index.php?rest_route=\/wp\/v2\/pages\/37"}],"collection":[{"href":"https:\/\/kerstinglathe.de\/index.php?rest_route=\/wp\/v2\/pages"}],"about":[{"href":"https:\/\/kerstinglathe.de\/index.php?rest_route=\/wp\/v2\/types\/page"}],"author":[{"embeddable":true,"href":"https:\/\/kerstinglathe.de\/index.php?rest_route=\/wp\/v2\/users\/1"}],"replies":[{"embeddable":true,"href":"https:\/\/kerstinglathe.de\/index.php?rest_route=%2Fwp%2Fv2%2Fcomments&post=37"}],"version-history":[{"count":3,"href":"https:\/\/kerstinglathe.de\/index.php?rest_route=\/wp\/v2\/pages\/37\/revisions"}],"predecessor-version":[{"id":228,"href":"https:\/\/kerstinglathe.de\/index.php?rest_route=\/wp\/v2\/pages\/37\/revisions\/228"}],"wp:attachment":[{"href":"https:\/\/kerstinglathe.de\/index.php?rest_route=%2Fwp%2Fv2%2Fmedia&parent=37"}],"curies":[{"name":"wp","href":"https:\/\/api.w.org\/{rel}","templated":true}]}}