{"id":48,"date":"2018-10-03T08:37:00","date_gmt":"2018-10-03T08:37:00","guid":{"rendered":"http:\/\/kerstinglathe.de\/?page_id=48"},"modified":"2018-10-03T11:25:40","modified_gmt":"2018-10-03T11:25:40","slug":"ehrenamt","status":"publish","type":"page","link":"https:\/\/kerstinglathe.de\/?page_id=48","title":{"rendered":"2015 &#8211; der Sommer der Fl\u00fcchtlinge"},"content":{"rendered":"<blockquote class=\"wp-embedded-content\" data-secret=\"50gt98Anth\"><p><a href=\"http:\/\/kerstinglathe.de\/?p=51\">Ankunft von 180 Gefl\u00fcchteten in der Jahnhalle<\/a><\/p><\/blockquote>\n<p><iframe class=\"wp-embedded-content\" sandbox=\"allow-scripts\" security=\"restricted\" style=\"position: absolute; clip: rect(1px, 1px, 1px, 1px);\" src=\"http:\/\/kerstinglathe.de\/?p=51&#038;embed=true#?secret=50gt98Anth\" data-secret=\"50gt98Anth\" width=\"525\" height=\"296\" title=\"&#8222;Ankunft von 180 Gefl\u00fcchteten in der Jahnhalle&#8220; &#8212; Kerstin Glathe\" frameborder=\"0\" marginwidth=\"0\" marginheight=\"0\" scrolling=\"no\"><\/iframe><\/p>\n<blockquote class=\"wp-embedded-content\" data-secret=\"XXikDgFnl5\"><p><a href=\"http:\/\/kerstinglathe.de\/?p=59\">Gekommen &#8211; Weggeschickt &#8211; zur\u00fcck gekommen<\/a><\/p><\/blockquote>\n<p><iframe class=\"wp-embedded-content\" sandbox=\"allow-scripts\" security=\"restricted\" style=\"position: absolute; clip: rect(1px, 1px, 1px, 1px);\" src=\"http:\/\/kerstinglathe.de\/?p=59&#038;embed=true#?secret=XXikDgFnl5\" data-secret=\"XXikDgFnl5\" width=\"525\" height=\"296\" title=\"&#8222;Gekommen &#8211; Weggeschickt &#8211; zur\u00fcck gekommen&#8220; &#8212; Kerstin Glathe\" frameborder=\"0\" marginwidth=\"0\" marginheight=\"0\" scrolling=\"no\"><\/iframe><\/p>\n<blockquote class=\"wp-embedded-content\" data-secret=\"GWoqpeTfEB\"><p><a href=\"http:\/\/kerstinglathe.de\/?p=72\">Termin beim BAMF<\/a><\/p><\/blockquote>\n<p><iframe class=\"wp-embedded-content\" sandbox=\"allow-scripts\" security=\"restricted\" style=\"position: absolute; clip: rect(1px, 1px, 1px, 1px);\" src=\"http:\/\/kerstinglathe.de\/?p=72&#038;embed=true#?secret=GWoqpeTfEB\" data-secret=\"GWoqpeTfEB\" width=\"525\" height=\"296\" title=\"&#8222;Termin beim BAMF&#8220; &#8212; Kerstin Glathe\" frameborder=\"0\" marginwidth=\"0\" marginheight=\"0\" scrolling=\"no\"><\/iframe><\/p>\n<blockquote class=\"wp-embedded-content\" data-secret=\"JZrMAbd3Yj\"><p><a href=\"http:\/\/kerstinglathe.de\/?p=76\">Valentinstag 2016<\/a><\/p><\/blockquote>\n<p><iframe class=\"wp-embedded-content\" sandbox=\"allow-scripts\" security=\"restricted\" style=\"position: absolute; clip: rect(1px, 1px, 1px, 1px);\" src=\"http:\/\/kerstinglathe.de\/?p=76&#038;embed=true#?secret=JZrMAbd3Yj\" data-secret=\"JZrMAbd3Yj\" width=\"525\" height=\"296\" title=\"&#8222;Valentinstag 2016&#8220; &#8212; Kerstin Glathe\" frameborder=\"0\" marginwidth=\"0\" marginheight=\"0\" scrolling=\"no\"><\/iframe><\/p>\n<blockquote class=\"wp-embedded-content\" data-secret=\"oJHp2jpr5V\"><p><a href=\"http:\/\/kerstinglathe.de\/?p=81\">Ein Klavier<\/a><\/p><\/blockquote>\n<p><iframe class=\"wp-embedded-content\" sandbox=\"allow-scripts\" security=\"restricted\" style=\"position: absolute; clip: rect(1px, 1px, 1px, 1px);\" src=\"http:\/\/kerstinglathe.de\/?p=81&#038;embed=true#?secret=oJHp2jpr5V\" data-secret=\"oJHp2jpr5V\" width=\"525\" height=\"296\" title=\"&#8222;Ein Klavier&#8220; &#8212; Kerstin Glathe\" frameborder=\"0\" marginwidth=\"0\" marginheight=\"0\" scrolling=\"no\"><\/iframe><\/p>\n<blockquote class=\"wp-embedded-content\" data-secret=\"35qemu9KWT\"><p><a href=\"http:\/\/kerstinglathe.de\/?p=89\">Demokratiefahrt nach Berlin<\/a><\/p><\/blockquote>\n<p><iframe class=\"wp-embedded-content\" sandbox=\"allow-scripts\" security=\"restricted\" style=\"position: absolute; clip: rect(1px, 1px, 1px, 1px);\" src=\"http:\/\/kerstinglathe.de\/?p=89&#038;embed=true#?secret=35qemu9KWT\" data-secret=\"35qemu9KWT\" width=\"525\" height=\"296\" title=\"&#8222;Demokratiefahrt nach Berlin&#8220; &#8212; Kerstin Glathe\" frameborder=\"0\" marginwidth=\"0\" marginheight=\"0\" scrolling=\"no\"><\/iframe><\/p>\n<blockquote class=\"wp-embedded-content\" data-secret=\"ZAQWEiyVsa\"><p><a href=\"http:\/\/kerstinglathe.de\/?p=95\">Ein Hauch von Normalit\u00e4t<\/a><\/p><\/blockquote>\n<p><iframe class=\"wp-embedded-content\" sandbox=\"allow-scripts\" security=\"restricted\" style=\"position: absolute; clip: rect(1px, 1px, 1px, 1px);\" src=\"http:\/\/kerstinglathe.de\/?p=95&#038;embed=true#?secret=ZAQWEiyVsa\" data-secret=\"ZAQWEiyVsa\" width=\"525\" height=\"296\" title=\"&#8222;Ein Hauch von Normalit\u00e4t&#8220; &#8212; Kerstin Glathe\" frameborder=\"0\" marginwidth=\"0\" marginheight=\"0\" scrolling=\"no\"><\/iframe><\/p>\n<p>&nbsp;<\/p>\n<p>&nbsp;<\/p>\n","protected":false},"excerpt":{"rendered":"<p>Ankunft von 180 Gefl\u00fcchteten in der Jahnhalle Gekommen &#8211; Weggeschickt &#8211; zur\u00fcck gekommen Termin beim BAMF Valentinstag 2016 Ein Klavier Demokratiefahrt nach Berlin Ein Hauch von Normalit\u00e4t &nbsp; &nbsp;<\/p>\n","protected":false},"author":1,"featured_media":0,"parent":0,"menu_order":0,"comment_status":"closed","ping_status":"closed","template":"","meta":{"footnotes":""},"_links":{"self":[{"href":"https:\/\/kerstinglathe.de\/index.php?rest_route=\/wp\/v2\/pages\/48"}],"collection":[{"href":"https:\/\/kerstinglathe.de\/index.php?rest_route=\/wp\/v2\/pages"}],"about":[{"href":"https:\/\/kerstinglathe.de\/index.php?rest_route=\/wp\/v2\/types\/page"}],"author":[{"embeddable":true,"href":"https:\/\/kerstinglathe.de\/index.php?rest_route=\/wp\/v2\/users\/1"}],"replies":[{"embeddable":true,"href":"https:\/\/kerstinglathe.de\/index.php?rest_route=%2Fwp%2Fv2%2Fcomments&post=48"}],"version-history":[{"count":10,"href":"https:\/\/kerstinglathe.de\/index.php?rest_route=\/wp\/v2\/pages\/48\/revisions"}],"predecessor-version":[{"id":107,"href":"https:\/\/kerstinglathe.de\/index.php?rest_route=\/wp\/v2\/pages\/48\/revisions\/107"}],"wp:attachment":[{"href":"https:\/\/kerstinglathe.de\/index.php?rest_route=%2Fwp%2Fv2%2Fmedia&parent=48"}],"curies":[{"name":"wp","href":"https:\/\/api.w.org\/{rel}","templated":true}]}}